{"id":2467,"date":"2024-04-05T09:23:27","date_gmt":"2024-04-05T07:23:27","guid":{"rendered":"https:\/\/detektiv-dachs.ch\/?page_id=2467"},"modified":"2024-11-05T15:53:52","modified_gmt":"2024-11-05T14:53:52","slug":"politique-de-confidentialite","status":"publish","type":"page","link":"https:\/\/detektiv-dachs.ch\/fr\/politique-de-confidentialite\/","title":{"rendered":"Politique de confidentialit\u00e9"},"content":{"rendered":"\t\t<div data-elementor-type=\"wp-page\" data-elementor-id=\"2467\" class=\"elementor elementor-2467 elementor-41\" data-elementor-post-type=\"page\">\n\t\t\t\t<div class=\"elementor-element elementor-element-1210bcc e-flex e-con-boxed e-con e-parent\" data-id=\"1210bcc\" data-element_type=\"container\" data-settings=\"{&quot;jet_parallax_layout_list&quot;:[]}\">\n\t\t\t\t\t<div class=\"e-con-inner\">\n\t\t\t\t<div class=\"elementor-element elementor-element-08ebcb8 elementor-widget elementor-widget-text-editor\" data-id=\"08ebcb8\" data-element_type=\"widget\" data-widget_type=\"text-editor.default\">\n\t\t\t\t<div class=\"elementor-widget-container\">\n\t\t\t<style>\/*! elementor - v3.22.0 - 26-06-2024 *\/\n.elementor-widget-text-editor.elementor-drop-cap-view-stacked .elementor-drop-cap{background-color:#69727d;color:#fff}.elementor-widget-text-editor.elementor-drop-cap-view-framed .elementor-drop-cap{color:#69727d;border:3px solid;background-color:transparent}.elementor-widget-text-editor:not(.elementor-drop-cap-view-default) .elementor-drop-cap{margin-top:8px}.elementor-widget-text-editor:not(.elementor-drop-cap-view-default) .elementor-drop-cap-letter{width:1em;height:1em}.elementor-widget-text-editor .elementor-drop-cap{float:left;text-align:center;line-height:1;font-size:50px}.elementor-widget-text-editor .elementor-drop-cap-letter{display:inline-block}<\/style>\t\t\t\t<p>Nous accordons une grande importance \u00e0 la protection de vos donn\u00e9es, que ce soit lors de votre inscription par e-mail, lorsque vous utilisez nos produits ou lorsque vous consultez le site web de D\u00e9tective Blaireau. Notre politique de confidentialit\u00e9 est conforme au r\u00e8glement g\u00e9n\u00e9ral sur la protection des donn\u00e9es (RGPD). Par cons\u00e9quent, la pr\u00e9sente politique de confidentialit\u00e9 vous informe des principaux aspects du traitement de vos donn\u00e9es r\u00e9alis\u00e9 en lien avec l\u2019utilisation de nos offres. Nous vous fournissons un aper\u00e7u d\u00e9taill\u00e9 de la fa\u00e7on dont nous utilisons les donn\u00e9es que vous nous fournissez ou que nous collectons de mani\u00e8re l\u00e9gale et conforme aux conditions d\u00e9finies ici.<\/p><p>Types de donn\u00e9es personnelles que nous collectons<\/p><p>Si vous visitez notre site web ou passez une commande, nous sommes susceptibles de traiter les donn\u00e9es suivantes:<\/p><ul><li>Adresses e-mail : si vous vous inscrivez via votre compte e-mail ou passez une commande, nous traitons votre adresse e-mail et les autres informations fournies (adresse, par exemple).<\/li><li>Journaux d\u2019utilisation du web : si vous utilisez notre site web, nous enregistrons votre comportement d\u2019utilisateur sur notre site web. Il s\u2019agit de vos actions sur le site web, par exemple vos recherches, vos clics sur des boutons et des liens, la date et l\u2019heure de l\u2019utilisation, votre fuseau horaire, les caract\u00e9ristiques de votre navigateur et de votre syst\u00e8me d\u2019exploitation, la langue d\u00e9finie dans les r\u00e9glages, les donn\u00e9es de localisation approximatives d\u00e9duites de votre adresse IP, les renvois \u00e0 d\u2019autres sites web et les recherches effectu\u00e9es sur le web.<\/li><li>Journaux de serveur : si vous utilisez nos applications ou notre site web, nous cr\u00e9ons des journaux de serveur. Ils contiennent la date et l\u2019heure des consultations, la dur\u00e9e des consultations, le d\u00e9bit de donn\u00e9es, le statut des consultations et les codes de statut HTTP(S).<\/li><li>Num\u00e9ros d\u2019identification des appareils et adresses IP : si vous consultez notre site web, nous traitons et enregistrons votre adresse IP. Adresse e-mail : si vous vous inscrivez via votre compte e-mail ou passez une commande, nous utilisons votre adresse e-mail et les autres informations fournies.\u00a0<strong>Bases juridiques ou finalit\u00e9 du traitement des donn\u00e9es<\/strong>\u00a0Nous conservons et traitons exclusivement vos donn\u00e9es afin de pouvoir vous proposer notre plateforme et les services qui y sont associ\u00e9s et\/ou afin d\u2019am\u00e9liorer notre site web.<\/li><li>Ex\u00e9cution du contrat : le traitement de votre adresse e-mail est n\u00e9cessaire \u00e0 l\u2019ex\u00e9cution du contrat (article 6, alin\u00e9a 1, lit. b du RGPD). Nous collectons vos donn\u00e9es pour les traiter si vous d\u00e9cidez volontairement de saisir ces donn\u00e9es. Par cons\u00e9quent, nous ne traitons ces donn\u00e9es que si vous nous les communiquez. Dans ce cas, nous traitons les donn\u00e9es ainsi obtenues uniquement pour fournir le service correspondant.<\/li><li>\u00c9valuation de votre achat : lorsque vous effectuez votre achat, vous nous autorisez \u00e0 vous envoyer une invitation \u00e0 l\u2019adresse \u00e9lectronique que vous avez fournie pour \u00e9valuer les produits que vous avez achet\u00e9s. L\u2019\u00e9valuation des produits est volontaire.<\/li><li>Int\u00e9r\u00eat l\u00e9gitime pr\u00e9pond\u00e9rant : nous avons un int\u00e9r\u00eat l\u00e9gitime pr\u00e9pond\u00e9rant \u00e0 traiter les journaux d\u2019utilisation du web, les journaux de serveur, les num\u00e9ros d\u2019identification des appareils et les adresses IP. Nous utilisons ces donn\u00e9es pour assurer le bon fonctionnement de notre plateforme et de notre site web, en particulier pour pouvoir identifier les probl\u00e8mes et les r\u00e9soudre. Notre int\u00e9r\u00eat l\u00e9gitime au sens du RGPD est la s\u00e9curit\u00e9 et l\u2019optimisation de nos services et sites web. Par ailleurs, dans ce cas, nous transmettons \u00e9galement des donn\u00e9es \u00e0 des fins statistiques et analytiques et \u00e0 des fins d\u2019optimisation de la diffusion de publicit\u00e9 correspondant aux int\u00e9r\u00eats de tiers afin d\u2019am\u00e9liorer nos services et produits.<\/li><li>En outre, nous utilisons des trackers. Consultez le point 3 pour conna\u00eetre les informations l\u00e9gales et les autres droits d\u00e9coulant de l\u2019utilisation de trackers en lien avec des donn\u00e9es personnelles.<\/li><\/ul><h4>Informations l\u00e9gales, autres droits et options de refus<\/h4><p>Conform\u00e9ment \u00e0 l\u2019article 12 I du RGPD, en tant que \u00ab personne concern\u00e9e \u00bb, vous disposez \u00e0 notre encontre (en notre qualit\u00e9 de \u00ab responsable \u00bb) de droits d\u2019information au sens des articles 13 et 14 du RGPD, ces droits concernant le traitement, la conservation et la transmission des donn\u00e9es personnelles, et nous sommes soumis \u00e0 des obligations de d\u00e9claration au sens des articles 15 \u00e0 22 et de l\u2019article 34 du RGPD. Conform\u00e9ment \u00e0 l\u2019article 21 du RGPD, en tant que personne concern\u00e9e par le traitement des donn\u00e9es personnelles, vous disposez du droit de vous opposer au traitement dans les cas qui y sont pr\u00e9vus. Conform\u00e9ment \u00e0 l\u2019article 16 du RGPD, vous disposez d\u2019un droit de rectification. Conform\u00e9ment \u00e0 l\u2019article 17 du RGPD, en tant que personne concern\u00e9e, vous disposez du droit d\u2019exiger que les donn\u00e9es conserv\u00e9es vous concernant soient effac\u00e9es. Conform\u00e9ment \u00e0 l\u2019article 18 du RGPD, vous disposez du droit de limiter le traitement de vos donn\u00e9es. Ainsi, afin de prot\u00e9ger vos droits, nous vous proposons les options de refus suivantes :<\/p><ul><li>Suppression de votre profil d\u2019utilisateur<\/li><\/ul><p>Par ailleurs, vous disposez du droit de porter plainte aupr\u00e8s de l\u2019autorit\u00e9 de protection des donn\u00e9es comp\u00e9tente au sens de l\u2019article 77 du RGPD.<\/p><h4>Conservation des donn\u00e9es<\/h4><p>Nous conservons les donn\u00e9es sur des serveurs situ\u00e9s en Suisse. \u00c0 cet \u00e9gard, nous prenons toutes les mesures raisonnables pour veiller \u00e0 prot\u00e9ger vos donn\u00e9es et \u00e0 les utiliser de la fa\u00e7on d\u00e9crite dans la pr\u00e9sente politique de confidentialit\u00e9. Nous utilisons des serveurs s\u00fbrs afin de garantir la conservation correcte de vos donn\u00e9es. Pour des raisons de s\u00e9curit\u00e9, toutes les transmissions de donn\u00e9es personnelles sont crypt\u00e9es. N\u00e9anmoins, il est impossible de garantir une s\u00e9curit\u00e9 sans faille pour les transmissions de donn\u00e9es sur Internet. Par cons\u00e9quent, nous ne saurions garantir la s\u00e9curit\u00e9 des donn\u00e9es collect\u00e9es ou transmises par voie \u00e9lectronique ; cependant, nous prenons toutes les mesures n\u00e9cessaires relevant de notre comp\u00e9tence pour assurer une s\u00e9curit\u00e9 optimale. Vous fournissez vos donn\u00e9es \u00e0 vos risques et p\u00e9rils. Si n\u00e9cessaire, il peut \u00eatre n\u00e9cessaire de d\u00e9finir un mot de passe pour acc\u00e9der \u00e0 des sections de nos applications ou de notre site web. Vous assumez l\u2019enti\u00e8re responsabilit\u00e9 de la s\u00e9curit\u00e9 et de la confidentialit\u00e9 du mot de passe que vous cr\u00e9ez.<\/p><h4>Transmission des donn\u00e9es<\/h4><p>Outre les cas mentionn\u00e9s au point 2, nous sommes autoris\u00e9s \u00e0 transmettre vos donn\u00e9es \u00e0 des tiers dans les circonstances suivantes : nous pouvons transmettre des donn\u00e9es si nous vendons notre entreprise ou des parties de celle-ci ou de notre patrimoine \u00e0 des tiers. Vos donn\u00e9es peuvent \u00eatre transmises \u00e0 tout collaborateur de notre entreprises et aux collaborateurs d\u2019entreprises associ\u00e9es \u00e0 des fins d\u2019utilisation et de traitement des donn\u00e9es selon les modalit\u00e9s pr\u00e9vues par la pr\u00e9sente politique de confidentialit\u00e9. Les dispositions l\u00e9gales auxquelles notre entreprise est soumise peuvent exiger que nous transmettions vos donn\u00e9es.<\/p><h4>Int\u00e9gration de services et de contenus de tiers<\/h4><p>Il peut arriver que des contenus ou des services de prestataires tiers, comme par exemple des plans de ville ou des polices de caract\u00e8res d\u2019autres sites Internet, soient int\u00e9gr\u00e9s dans notre offre en ligne. L\u2019int\u00e9gration de contenus de fournisseurs tiers suppose toujours que ces derniers per\u00e7oivent l\u2019adresse IP des utilisateurs. Sans l\u2019adresse IP, les contenus ne peuvent pas \u00eatre envoy\u00e9s au navigateur des utilisateurs. L\u2019adresse IP est donc n\u00e9cessaire pour l\u2019affichage de ces contenus. Par ailleurs, les fournisseurs de contenus tiers peuvent placer leurs propres cookies et traiter les donn\u00e9es des utilisateurs \u00e0 leurs propres fins. Des profils d\u2019utilisation des utilisateurs peuvent \u00eatre cr\u00e9\u00e9s \u00e0 partir des donn\u00e9es trait\u00e9es. Nous utiliserons ces contenus avec le moins de donn\u00e9es possible et en \u00e9vitant les donn\u00e9es, et nous choisirons des fournisseurs tiers fiables en ce qui concerne la s\u00e9curit\u00e9 des donn\u00e9es.<\/p><p>La pr\u00e9sentation suivante offre un aper\u00e7u des fournisseurs tiers et de leurs contenus, ainsi que des liens vers leurs d\u00e9clarations de protection des donn\u00e9es, qui contiennent d\u2019autres indications sur le traitement des donn\u00e9es et, en partie d\u00e9j\u00e0 mentionn\u00e9es ici, des possibilit\u00e9s d\u2019opposition (dites Opt-Out) :<\/p><p>Polices de caract\u00e8res externes de Google, Inc.,\u00a0<a href=\"https:\/\/www.google.com\/fonts\">https:\/\/www.google.com\/fonts<\/a>\u00a0(\u201cGoogle Fonts\u201d). L\u2019int\u00e9gration des Google Fonts s\u2019effectue par un appel de serveur aupr\u00e8s de Google (en r\u00e8gle g\u00e9n\u00e9rale aux \u00c9tats-Unis). D\u00e9claration de confidentialit\u00e9 :\u00a0<a href=\"https:\/\/www.google.com\/policies\/privacy\/\">https:\/\/www.google.com\/policies\/privacy\/<\/a>,<br \/>Opt-out :\u00a0<a href=\"https:\/\/www.google.com\/settings\/ads\/\">https:\/\/www.google.com\/settings\/ads\/<\/a>.<\/p><p>Vid\u00e9os de la plate-forme \u201cYouTube\u201d du fournisseur tiers Google Inc, 1600 Amphitheatre Parkway, Mountain View, CA 94043, USA. D\u00e9claration de confidentialit\u00e9 :\u00a0<a href=\"https:\/\/www.google.com\/policies\/privacy\/\">https:\/\/www.google.com\/policies\/privacy\/<\/a>, opt-out :\u00a0<a href=\"https:\/\/www.google.com\/settings\/ads\/\">https:\/\/www.google.com\/settings\/ads\/<\/a>.<\/p><p>Ce site web utilise le service reCAPTCHA de Google Inc. (1600 Amphitheatre Parkway, Mountain View, CA 94043, USA ; \u201cGoogle\u201d). La requ\u00eate a pour but de distinguer si la saisie est effectu\u00e9e par un \u00eatre humain ou par un traitement automatis\u00e9 par une machine. La requ\u00eate inclut l\u2019envoi \u00e0 Google de l\u2019adresse IP et, le cas \u00e9ch\u00e9ant, d\u2019autres donn\u00e9es requises par Google pour le service reCAPTCHA. \u00c0 cette fin, ta saisie est transmise \u00e0 Google et y est utilis\u00e9e. Google utilisera ces informations pour le compte de l\u2019exploitant de ce site web afin d\u2019\u00e9valuer ton utilisation de ce service. L\u2019adresse IP transmise par ton navigateur dans le cadre de reCaptcha ne sera pas recoup\u00e9e avec d\u2019autres donn\u00e9es de Google. Tes donn\u00e9es sont alors \u00e9ventuellement transmises aux \u00c9tats-Unis. Le traitement est effectu\u00e9 sur la base de l\u2019art. 6 (1) lettre a du RGPD avec ton consentement. Tu peux r\u00e9voquer ton consentement \u00e0 tout moment, sans que la l\u00e9galit\u00e9 du traitement effectu\u00e9 sur la base du consentement jusqu\u2019\u00e0 la r\u00e9vocation n\u2019en soit affect\u00e9e. Tu trouveras de plus amples informations sur Google reCAPTCHA ainsi que la d\u00e9claration de confidentialit\u00e9 correspondante \u00e0 l\u2019adresse suivante :<br \/><a href=\"https:\/\/www.google.com\/privacy\/ads\/\">https:\/\/www.google.com\/privacy\/ads\/<\/a>.<\/p><p>Ce site utilise le Google Tag Manager. Il s\u2019agit d\u2019une solution qui nous permet de g\u00e9rer les balises de site web via une interface et d\u2019int\u00e9grer ainsi par exemple Google Analytics et d\u2019autres services de marketing Google dans notre offre en ligne. Le gestionnaire de balises lui-m\u00eame, qui met en \u0153uvre les balises, ne traite pas les donn\u00e9es personnelles des utilisateurs. En ce qui concerne le traitement des donn\u00e9es personnelles des utilisateurs, nous renvoyons aux informations suivantes sur les services Google.<\/p><p>Directives d\u2019utilisation :\u00a0<a href=\"https:\/\/www.google.com\/intl\/de\/tagmanager\/use-policy.html\">https:\/\/www.google.com\/intl\/de\/tagmanager\/use-policy.html<\/a>.<\/p><h4>Liens hypertexte vers des sites web de tiers<\/h4><p>En principe, tout site web de tiers pouvant \u00eatre consult\u00e9 depuis notre plateforme, nos applications ou notre site web doit appliquer une politique de confidentialit\u00e9. Nous vous recommandons de contr\u00f4ler les conditions qui y sont \u00e9nonc\u00e9es. Notre politique de confidentialit\u00e9 ne s\u2019applique pas aux sites web pouvant \u00eatre consult\u00e9s via des liens hypertexte sur nos plateformes (nos applications et notre site web). Seul l\u2019exploitant des sites ou applications vers lesquels m\u00e8nent ces liens est responsable des contenus qui s\u2019y trouvent. Nous d\u00e9clinons toute responsabilit\u00e9 quant \u00e0 la fa\u00e7on dont des tiers utilisent vos donn\u00e9es. Nous tenons \u00e0 souligner que nous ne contr\u00f4lons pas les sites web ou applications de tiers, que nous n\u2019influen\u00e7ons pas les op\u00e9rations de collecte et de traitement de donn\u00e9es qui y sont r\u00e9alis\u00e9es et que nous ne connaissons pas la port\u00e9e de leur collecte de donn\u00e9es ni la finalit\u00e9 et la dur\u00e9e de conservation des donn\u00e9es.<\/p><h4>Droits des personnes concern\u00e9es et contact<\/h4><p>Afin de faire valoir vos droits d\u2019information susmentionn\u00e9s portant sur les donn\u00e9es personnelles vous concernant que nous traitons (article 12 en combinaison avec les articles 13, 14, 15 \u00e0 22 et 34 du RGPD), votre droit de rectification (article 16 du RGPD), d\u2019effacement (article 17 du RGPD), de limitation du traitement (article 18 du RGPD) et d\u2019effacement au sens de l\u2019article 21 du RGPD, veuillez vous adresser par \u00e9crit \u00e0 SB Switzerland AG, Talgut-Zentrum 7, 3063 Ittigen, Suisse, ou par e-mail \u00e0\u00a0<a href=\"mailto:info@detektiv-dachs.ch\">info@detektiv-dachs.ch<\/a>\u00a0Afin de faire valoir votre droit de porter plainte au sens de l\u2019article 77 du RGPD, veuillez vous adresser \u00e0 l\u2019autorit\u00e9 de contr\u00f4le comp\u00e9tente.<\/p><h4>Modification de la pr\u00e9sente politique de confidentialit\u00e9<\/h4><p>Nous nous r\u00e9servons le droit de modifier \u00e0 tout instant la pr\u00e9sente politique de confidentialit\u00e9 avec effet pour l\u2019avenir ; la version consultable est la version la plus r\u00e9cente.<\/p>\t\t\t\t\t\t<\/div>\n\t\t\t\t<\/div>\n\t\t\t\t\t<\/div>\n\t\t\t\t<\/div>\n\t\t\t\t<\/div>\n\t\t","protected":false},"excerpt":{"rendered":"<p>Nous accordons une grande importance \u00e0 la protection de vos donn\u00e9es, que ce soit lors de votre inscription par e-mail, lorsque vous utilisez nos produits ou lorsque vous consultez le site web de D\u00e9tective Blaireau. Notre politique de confidentialit\u00e9 est conforme au r\u00e8glement g\u00e9n\u00e9ral sur la protection des donn\u00e9es (RGPD). Par cons\u00e9quent, la pr\u00e9sente politique [&hellip;]<\/p>\n","protected":false},"author":1,"featured_media":0,"parent":0,"menu_order":0,"comment_status":"closed","ping_status":"closed","template":"","meta":{"inline_featured_image":false,"site-sidebar-layout":"no-sidebar","site-content-layout":"page-builder","ast-site-content-layout":"full-width-container","site-content-style":"default","site-sidebar-style":"default","ast-global-header-display":"","ast-banner-title-visibility":"","ast-main-header-display":"","ast-hfb-above-header-display":"","ast-hfb-below-header-display":"","ast-hfb-mobile-header-display":"","site-post-title":"disabled","ast-breadcrumbs-content":"","ast-featured-img":"disabled","footer-sml-layout":"","ast-disable-related-posts":"","theme-transparent-header-meta":"default","adv-header-id-meta":"","stick-header-meta":"default","header-above-stick-meta":"","header-main-stick-meta":"","header-below-stick-meta":"","astra-migrate-meta-layouts":"set","ast-page-background-enabled":"default","ast-page-background-meta":{"desktop":{"background-color":"var(--ast-global-color-4)","background-image":"","background-repeat":"repeat","background-position":"center center","background-size":"auto","background-attachment":"scroll","background-type":"","background-media":"","overlay-type":"","overlay-color":"","overlay-opacity":"","overlay-gradient":""},"tablet":{"background-color":"","background-image":"","background-repeat":"repeat","background-position":"center center","background-size":"auto","background-attachment":"scroll","background-type":"","background-media":"","overlay-type":"","overlay-color":"","overlay-opacity":"","overlay-gradient":""},"mobile":{"background-color":"","background-image":"","background-repeat":"repeat","background-position":"center center","background-size":"auto","background-attachment":"scroll","background-type":"","background-media":"","overlay-type":"","overlay-color":"","overlay-opacity":"","overlay-gradient":""}},"ast-content-background-meta":{"desktop":{"background-color":"var(--ast-global-color-5)","background-image":"","background-repeat":"repeat","background-position":"center center","background-size":"auto","background-attachment":"scroll","background-type":"","background-media":"","overlay-type":"","overlay-color":"","overlay-opacity":"","overlay-gradient":""},"tablet":{"background-color":"var(--ast-global-color-5)","background-image":"","background-repeat":"repeat","background-position":"center center","background-size":"auto","background-attachment":"scroll","background-type":"","background-media":"","overlay-type":"","overlay-color":"","overlay-opacity":"","overlay-gradient":""},"mobile":{"background-color":"var(--ast-global-color-5)","background-image":"","background-repeat":"repeat","background-position":"center center","background-size":"auto","background-attachment":"scroll","background-type":"","background-media":"","overlay-type":"","overlay-color":"","overlay-opacity":"","overlay-gradient":""}},"footnotes":""},"class_list":["post-2467","page","type-page","status-publish","hentry"],"_links":{"self":[{"href":"https:\/\/detektiv-dachs.ch\/fr\/wp-json\/wp\/v2\/pages\/2467","targetHints":{"allow":["GET"]}}],"collection":[{"href":"https:\/\/detektiv-dachs.ch\/fr\/wp-json\/wp\/v2\/pages"}],"about":[{"href":"https:\/\/detektiv-dachs.ch\/fr\/wp-json\/wp\/v2\/types\/page"}],"author":[{"embeddable":true,"href":"https:\/\/detektiv-dachs.ch\/fr\/wp-json\/wp\/v2\/users\/1"}],"replies":[{"embeddable":true,"href":"https:\/\/detektiv-dachs.ch\/fr\/wp-json\/wp\/v2\/comments?post=2467"}],"version-history":[{"count":0,"href":"https:\/\/detektiv-dachs.ch\/fr\/wp-json\/wp\/v2\/pages\/2467\/revisions"}],"wp:attachment":[{"href":"https:\/\/detektiv-dachs.ch\/fr\/wp-json\/wp\/v2\/media?parent=2467"}],"curies":[{"name":"wp","href":"https:\/\/api.w.org\/{rel}","templated":true}]}}