{"id":2781,"date":"2024-04-05T09:13:49","date_gmt":"2024-04-05T07:13:49","guid":{"rendered":"https:\/\/detektiv-dachs.ch\/detektiv-trail\/"},"modified":"2024-11-05T15:53:51","modified_gmt":"2024-11-05T14:53:51","slug":"detective-trails","status":"publish","type":"page","link":"https:\/\/detektiv-dachs.ch\/fr\/detective-trails\/","title":{"rendered":"D\u00e9tective-Trails"},"content":{"rendered":"\t\t<div data-elementor-type=\"wp-page\" data-elementor-id=\"2781\" class=\"elementor elementor-2781 elementor-74\" data-elementor-post-type=\"page\">\n\t\t\t\t<div class=\"elementor-element elementor-element-1099c43 e-con-full e-flex e-con e-parent\" data-id=\"1099c43\" data-element_type=\"container\" data-settings=\"{&quot;jet_parallax_layout_list&quot;:[]}\">\n\t\t\t\t<div class=\"elementor-element elementor-element-162b444 elementor-widget elementor-widget-image\" data-id=\"162b444\" data-element_type=\"widget\" data-widget_type=\"image.default\">\n\t\t\t\t<div class=\"elementor-widget-container\">\n\t\t\t<style>\/*! elementor - v3.22.0 - 26-06-2024 *\/\n.elementor-widget-image{text-align:center}.elementor-widget-image a{display:inline-block}.elementor-widget-image a img[src$=\".svg\"]{width:48px}.elementor-widget-image img{vertical-align:middle;display:inline-block}<\/style>\t\t\t\t\t\t\t\t\t\t<img fetchpriority=\"high\" decoding=\"async\" width=\"1920\" height=\"638\" src=\"https:\/\/detektiv-dachs.ch\/wp-content\/uploads\/sites\/18\/2024\/04\/FOTOS_DETEKTIV_TRAIL-7_webbanner.jpg\" class=\"attachment-full size-full wp-image-309\" alt=\"\" srcset=\"https:\/\/detektiv-dachs.ch\/wp-content\/uploads\/sites\/18\/2024\/04\/FOTOS_DETEKTIV_TRAIL-7_webbanner.jpg 1920w, https:\/\/detektiv-dachs.ch\/wp-content\/uploads\/sites\/18\/2024\/04\/FOTOS_DETEKTIV_TRAIL-7_webbanner-300x100.jpg 300w, https:\/\/detektiv-dachs.ch\/wp-content\/uploads\/sites\/18\/2024\/04\/FOTOS_DETEKTIV_TRAIL-7_webbanner-1024x340.jpg 1024w, https:\/\/detektiv-dachs.ch\/wp-content\/uploads\/sites\/18\/2024\/04\/FOTOS_DETEKTIV_TRAIL-7_webbanner-768x255.jpg 768w, https:\/\/detektiv-dachs.ch\/wp-content\/uploads\/sites\/18\/2024\/04\/FOTOS_DETEKTIV_TRAIL-7_webbanner-1536x510.jpg 1536w\" sizes=\"(max-width: 1920px) 100vw, 1920px\" \/>\t\t\t\t\t\t\t\t\t\t\t\t\t<\/div>\n\t\t\t\t<\/div>\n\t\t\t\t<\/div>\n\t\t<div class=\"elementor-element elementor-element-fe849e2 e-flex e-con-boxed e-con e-parent\" data-id=\"fe849e2\" data-element_type=\"container\" data-settings=\"{&quot;jet_parallax_layout_list&quot;:[]}\">\n\t\t\t\t\t<div class=\"e-con-inner\">\n\t\t<div class=\"elementor-element elementor-element-7fa7192 e-con-full e-flex e-con e-child\" data-id=\"7fa7192\" data-element_type=\"container\" data-settings=\"{&quot;jet_parallax_layout_list&quot;:[]}\">\n\t\t\t\t<div class=\"elementor-element elementor-element-ecc9ace elementor-widget elementor-widget-image\" data-id=\"ecc9ace\" data-element_type=\"widget\" data-widget_type=\"image.default\">\n\t\t\t\t<div class=\"elementor-widget-container\">\n\t\t\t\t\t\t\t\t\t\t\t\t\t\t<a href=\"https:\/\/detektiv-trails.com\">\n\t\t\t\t\t\t\t<img decoding=\"async\" width=\"300\" height=\"210\" src=\"https:\/\/detektiv-dachs.ch\/wp-content\/uploads\/sites\/18\/2024\/04\/Logo_DetektivTrails-300x210.png\" class=\"attachment-medium size-medium wp-image-315\" alt=\"\" srcset=\"https:\/\/detektiv-dachs.ch\/wp-content\/uploads\/sites\/18\/2024\/04\/Logo_DetektivTrails-300x210.png 300w, https:\/\/detektiv-dachs.ch\/wp-content\/uploads\/sites\/18\/2024\/04\/Logo_DetektivTrails.png 350w\" sizes=\"(max-width: 300px) 100vw, 300px\" \/>\t\t\t\t\t\t\t\t<\/a>\n\t\t\t\t\t\t\t\t\t\t\t\t\t<\/div>\n\t\t\t\t<\/div>\n\t\t\t\t<\/div>\n\t\t<div class=\"elementor-element elementor-element-9dfa8e3 e-con-full e-flex e-con e-child\" data-id=\"9dfa8e3\" data-element_type=\"container\" data-settings=\"{&quot;jet_parallax_layout_list&quot;:[]}\">\n\t\t\t\t<div class=\"elementor-element elementor-element-81e02e4 elementor-widget elementor-widget-heading\" data-id=\"81e02e4\" data-element_type=\"widget\" data-widget_type=\"heading.default\">\n\t\t\t\t<div class=\"elementor-widget-container\">\n\t\t\t<style>\/*! elementor - v3.22.0 - 26-06-2024 *\/\n.elementor-heading-title{padding:0;margin:0;line-height:1}.elementor-widget-heading .elementor-heading-title[class*=elementor-size-]>a{color:inherit;font-size:inherit;line-height:inherit}.elementor-widget-heading .elementor-heading-title.elementor-size-small{font-size:15px}.elementor-widget-heading .elementor-heading-title.elementor-size-medium{font-size:19px}.elementor-widget-heading .elementor-heading-title.elementor-size-large{font-size:29px}.elementor-widget-heading .elementor-heading-title.elementor-size-xl{font-size:39px}.elementor-widget-heading .elementor-heading-title.elementor-size-xxl{font-size:59px}<\/style><h1 class=\"elementor-heading-title elementor-size-default\">D\u00e9tective-Trails<\/h1>\t\t<\/div>\n\t\t\t\t<\/div>\n\t\t\t\t<div class=\"elementor-element elementor-element-2498d14 elementor-widget elementor-widget-text-editor\" data-id=\"2498d14\" data-element_type=\"widget\" data-widget_type=\"text-editor.default\">\n\t\t\t\t<div class=\"elementor-widget-container\">\n\t\t\t<style>\/*! elementor - v3.22.0 - 26-06-2024 *\/\n.elementor-widget-text-editor.elementor-drop-cap-view-stacked .elementor-drop-cap{background-color:#69727d;color:#fff}.elementor-widget-text-editor.elementor-drop-cap-view-framed .elementor-drop-cap{color:#69727d;border:3px solid;background-color:transparent}.elementor-widget-text-editor:not(.elementor-drop-cap-view-default) .elementor-drop-cap{margin-top:8px}.elementor-widget-text-editor:not(.elementor-drop-cap-view-default) .elementor-drop-cap-letter{width:1em;height:1em}.elementor-widget-text-editor .elementor-drop-cap{float:left;text-align:center;line-height:1;font-size:50px}.elementor-widget-text-editor .elementor-drop-cap-letter{display:inline-block}<\/style>\t\t\t\t<p>As-tu envie d&rsquo;accompagner le d\u00e9tective Blaireau sur un D\u00e9tective-Trails, une chasse au tr\u00e9sor pour les familles, les associations, les couples, les \u00e9coles et les sorties d&rsquo;associations ?<br \/>Les D\u00e9tective-Trails sont des tours d&rsquo;\u00e9nigmes \u00e0 travers des villes et des lieux que tu peux effectuer \u00e0 l&rsquo;aide d&rsquo;une application web ou d&rsquo;une carte au tr\u00e9sor \u00e0 imprimer. En plus, tu apprendras beaucoup de choses passionnantes et surprenantes sur la ville ou le lieu en question. Un petit prix t&rsquo;attend \u00e0 la fin. Le d\u00e9tective Blaireau se r\u00e9jouit de t&rsquo;accueillir dans sa chasse aux indices \u00e0 travers la ville.<\/p>\t\t\t\t\t\t<\/div>\n\t\t\t\t<\/div>\n\t\t\t\t<div class=\"elementor-element elementor-element-e856f02 elementor-widget elementor-widget-heading\" data-id=\"e856f02\" data-element_type=\"widget\" data-widget_type=\"heading.default\">\n\t\t\t\t<div class=\"elementor-widget-container\">\n\t\t\t<h6 class=\"elementor-heading-title elementor-size-default\">Tu cherches des id\u00e9es pour l'anniversaire de ton enfant ? <\/h6>\t\t<\/div>\n\t\t\t\t<\/div>\n\t\t\t\t<div class=\"elementor-element elementor-element-4f31b81 elementor-widget elementor-widget-text-editor\" data-id=\"4f31b81\" data-element_type=\"widget\" data-widget_type=\"text-editor.default\">\n\t\t\t\t<div class=\"elementor-widget-container\">\n\t\t\t\t\t\t\tLes <a href=\"https:\/\/detektiv-trails.ch\/fr\/\">D\u00e9tective-Trails<\/a> conviennent parfaitement comme programme pour un anniversaire d&rsquo;enfant. Si tu ne veux pas te rendre dans une ville et que tu pr\u00e9f\u00e8res jouer aux devinettes autour de ta maison, nous te recommandons les <a href=\"https:\/\/detektiv-trails.ch\/produkt-kategorie\/detektiv-trail-home\/\">D\u00e9tective-Trails Home<\/a>. Il s&rsquo;agit d&rsquo;un kit &#8211; un document pdf &#8211; que tu peux imprimer confortablement chez toi apr\u00e8s l&rsquo;avoir achet\u00e9 et qui te permet ensuite de cr\u00e9er le trail correspondant confortablement chez toi. Le temps de pr\u00e9paration pour toi est d&rsquo;environ 1h \u00e0 1h30. Dans notre <a href=\"https:\/\/detektiv-trails.ch\/fr\/boutique\/\">Shop<\/a>, tu trouveras \u00e9galement des cartes d&rsquo;invitation gratuites, des cartes de d\u00e9tective et des petits prix.\n\n<a href=\"\u00ab\" target=\"\u00ab\" rel=\"https:\/\/detektiv-trails.ch\/fr\/\">Clique ici pour plus d&rsquo;infos sur les D\u00e9tective-Trails<\/a>.\t\t\t\t\t\t<\/div>\n\t\t\t\t<\/div>\n\t\t\t\t<div class=\"elementor-element elementor-element-e015360 elementor-widget elementor-widget-heading\" data-id=\"e015360\" data-element_type=\"widget\" data-widget_type=\"heading.default\">\n\t\t\t\t<div class=\"elementor-widget-container\">\n\t\t\t<h3 class=\"elementor-heading-title elementor-size-default\">Diff\u00e9rence par Crime-Trails<\/h3>\t\t<\/div>\n\t\t\t\t<\/div>\n\t\t\t\t<div class=\"elementor-element elementor-element-410b022 elementor-widget elementor-widget-text-editor\" data-id=\"410b022\" data-element_type=\"widget\" data-widget_type=\"text-editor.default\">\n\t\t\t\t<div class=\"elementor-widget-container\">\n\t\t\t\t\t\t\t<p><a href=\"\u00ab\" target=\"https:\/\/krimi-trails.ch\/fr\/\" rel=\"\u00ab\">Les Crime-Trails<\/a>. sont un peu plus complexes que les D\u00e9tective-Trails. Contrairement \u00e0 ces derniers, ils se concentrent exclusivement sur une affaire criminelle et ne donnent pas d&rsquo;informations touristiques sur les curiosit\u00e9s, l&rsquo;histoire ou la culture de la ville ou de la r\u00e9gion.<\/p><p><a href=\"\u00ab\" target=\"https:\/\/krimi-trails.ch\/fr\/\" rel=\"\u00ab\">Cliquez ici pour plus d&rsquo;informations sur les Crime-Trails<\/a>.<\/p>\t\t\t\t\t\t<\/div>\n\t\t\t\t<\/div>\n\t\t\t\t<\/div>\n\t\t\t\t\t<\/div>\n\t\t\t\t<\/div>\n\t\t\t\t<\/div>\n\t\t","protected":false},"excerpt":{"rendered":"<p>D\u00e9tective-Trails As-tu envie d&rsquo;accompagner le d\u00e9tective Blaireau sur un D\u00e9tective-Trails, une chasse au tr\u00e9sor pour les familles, les associations, les couples, les \u00e9coles et les sorties d&rsquo;associations ? Les D\u00e9tective-Trails sont des tours d&rsquo;\u00e9nigmes \u00e0 travers des villes et des lieux que tu peux effectuer \u00e0 l&rsquo;aide d&rsquo;une application web ou d&rsquo;une carte au tr\u00e9sor [&hellip;]<\/p>\n","protected":false},"author":1,"featured_media":0,"parent":0,"menu_order":0,"comment_status":"closed","ping_status":"closed","template":"","meta":{"inline_featured_image":false,"site-sidebar-layout":"no-sidebar","site-content-layout":"page-builder","ast-site-content-layout":"full-width-container","site-content-style":"default","site-sidebar-style":"default","ast-global-header-display":"","ast-banner-title-visibility":"","ast-main-header-display":"","ast-hfb-above-header-display":"","ast-hfb-below-header-display":"","ast-hfb-mobile-header-display":"","site-post-title":"disabled","ast-breadcrumbs-content":"","ast-featured-img":"disabled","footer-sml-layout":"","ast-disable-related-posts":"","theme-transparent-header-meta":"default","adv-header-id-meta":"","stick-header-meta":"default","header-above-stick-meta":"","header-main-stick-meta":"","header-below-stick-meta":"","astra-migrate-meta-layouts":"set","ast-page-background-enabled":"default","ast-page-background-meta":{"desktop":{"background-color":"var(--ast-global-color-4)","background-image":"","background-repeat":"repeat","background-position":"center center","background-size":"auto","background-attachment":"scroll","background-type":"","background-media":"","overlay-type":"","overlay-color":"","overlay-opacity":"","overlay-gradient":""},"tablet":{"background-color":"","background-image":"","background-repeat":"repeat","background-position":"center center","background-size":"auto","background-attachment":"scroll","background-type":"","background-media":"","overlay-type":"","overlay-color":"","overlay-opacity":"","overlay-gradient":""},"mobile":{"background-color":"","background-image":"","background-repeat":"repeat","background-position":"center center","background-size":"auto","background-attachment":"scroll","background-type":"","background-media":"","overlay-type":"","overlay-color":"","overlay-opacity":"","overlay-gradient":""}},"ast-content-background-meta":{"desktop":{"background-color":"var(--ast-global-color-5)","background-image":"","background-repeat":"repeat","background-position":"center center","background-size":"auto","background-attachment":"scroll","background-type":"","background-media":"","overlay-type":"","overlay-color":"","overlay-opacity":"","overlay-gradient":""},"tablet":{"background-color":"var(--ast-global-color-5)","background-image":"","background-repeat":"repeat","background-position":"center center","background-size":"auto","background-attachment":"scroll","background-type":"","background-media":"","overlay-type":"","overlay-color":"","overlay-opacity":"","overlay-gradient":""},"mobile":{"background-color":"var(--ast-global-color-5)","background-image":"","background-repeat":"repeat","background-position":"center center","background-size":"auto","background-attachment":"scroll","background-type":"","background-media":"","overlay-type":"","overlay-color":"","overlay-opacity":"","overlay-gradient":""}},"footnotes":""},"class_list":["post-2781","page","type-page","status-publish","hentry"],"_links":{"self":[{"href":"https:\/\/detektiv-dachs.ch\/fr\/wp-json\/wp\/v2\/pages\/2781","targetHints":{"allow":["GET"]}}],"collection":[{"href":"https:\/\/detektiv-dachs.ch\/fr\/wp-json\/wp\/v2\/pages"}],"about":[{"href":"https:\/\/detektiv-dachs.ch\/fr\/wp-json\/wp\/v2\/types\/page"}],"author":[{"embeddable":true,"href":"https:\/\/detektiv-dachs.ch\/fr\/wp-json\/wp\/v2\/users\/1"}],"replies":[{"embeddable":true,"href":"https:\/\/detektiv-dachs.ch\/fr\/wp-json\/wp\/v2\/comments?post=2781"}],"version-history":[{"count":0,"href":"https:\/\/detektiv-dachs.ch\/fr\/wp-json\/wp\/v2\/pages\/2781\/revisions"}],"wp:attachment":[{"href":"https:\/\/detektiv-dachs.ch\/fr\/wp-json\/wp\/v2\/media?parent=2781"}],"curies":[{"name":"wp","href":"https:\/\/api.w.org\/{rel}","templated":true}]}}