{"id":2833,"date":"2024-04-05T09:18:21","date_gmt":"2024-04-05T07:18:21","guid":{"rendered":"https:\/\/detektiv-dachs.ch\/?page_id=2833"},"modified":"2024-11-05T15:53:51","modified_gmt":"2024-11-05T14:53:51","slug":"contact","status":"publish","type":"page","link":"https:\/\/detektiv-dachs.ch\/fr\/contact\/","title":{"rendered":"Contact"},"content":{"rendered":"\t\t<div data-elementor-type=\"wp-page\" data-elementor-id=\"2833\" class=\"elementor elementor-2833 elementor-89\" data-elementor-post-type=\"page\">\n\t\t\t\t<div class=\"elementor-element elementor-element-9823ee4 e-con-full e-flex e-con e-parent\" data-id=\"9823ee4\" data-element_type=\"container\" data-settings=\"{&quot;jet_parallax_layout_list&quot;:[]}\">\n\t\t\t\t<div class=\"elementor-element elementor-element-00139d6 elementor-widget elementor-widget-image\" data-id=\"00139d6\" data-element_type=\"widget\" data-widget_type=\"image.default\">\n\t\t\t\t<div class=\"elementor-widget-container\">\n\t\t\t<style>\/*! elementor - v3.22.0 - 26-06-2024 *\/\n.elementor-widget-image{text-align:center}.elementor-widget-image a{display:inline-block}.elementor-widget-image a img[src$=\".svg\"]{width:48px}.elementor-widget-image img{vertical-align:middle;display:inline-block}<\/style>\t\t\t\t\t\t\t\t\t\t<img fetchpriority=\"high\" decoding=\"async\" width=\"1024\" height=\"314\" src=\"https:\/\/detektiv-dachs.ch\/wp-content\/uploads\/sites\/18\/2024\/04\/baerenpark-detektiv-dachs-1024x314.jpg\" class=\"attachment-large size-large wp-image-298\" alt=\"\" srcset=\"https:\/\/detektiv-dachs.ch\/wp-content\/uploads\/sites\/18\/2024\/04\/baerenpark-detektiv-dachs-1024x314.jpg 1024w, https:\/\/detektiv-dachs.ch\/wp-content\/uploads\/sites\/18\/2024\/04\/baerenpark-detektiv-dachs-300x92.jpg 300w, https:\/\/detektiv-dachs.ch\/wp-content\/uploads\/sites\/18\/2024\/04\/baerenpark-detektiv-dachs-768x236.jpg 768w, https:\/\/detektiv-dachs.ch\/wp-content\/uploads\/sites\/18\/2024\/04\/baerenpark-detektiv-dachs-1536x471.jpg 1536w, https:\/\/detektiv-dachs.ch\/wp-content\/uploads\/sites\/18\/2024\/04\/baerenpark-detektiv-dachs.jpg 1920w\" sizes=\"(max-width: 1024px) 100vw, 1024px\" \/>\t\t\t\t\t\t\t\t\t\t\t\t\t<\/div>\n\t\t\t\t<\/div>\n\t\t\t\t<\/div>\n\t\t<div class=\"elementor-element elementor-element-5d58304 e-flex e-con-boxed e-con e-parent\" data-id=\"5d58304\" data-element_type=\"container\" data-settings=\"{&quot;jet_parallax_layout_list&quot;:[]}\">\n\t\t\t\t\t<div class=\"e-con-inner\">\n\t\t<div class=\"elementor-element elementor-element-ef63bdb e-con-full e-flex e-con e-child\" data-id=\"ef63bdb\" data-element_type=\"container\" data-settings=\"{&quot;jet_parallax_layout_list&quot;:[]}\">\n\t\t\t\t<div class=\"elementor-element elementor-element-4b0a9b8 elementor-widget elementor-widget-image\" data-id=\"4b0a9b8\" data-element_type=\"widget\" data-widget_type=\"image.default\">\n\t\t\t\t<div class=\"elementor-widget-container\">\n\t\t\t\t\t\t\t\t\t\t\t\t\t<img decoding=\"async\" width=\"317\" height=\"303\" src=\"https:\/\/detektiv-dachs.ch\/wp-content\/uploads\/sites\/18\/2024\/04\/Detektiv-Dachs-Logo-trans.png\" class=\"attachment-large size-large wp-image-507\" alt=\"\" srcset=\"https:\/\/detektiv-dachs.ch\/wp-content\/uploads\/sites\/18\/2024\/04\/Detektiv-Dachs-Logo-trans.png 317w, https:\/\/detektiv-dachs.ch\/wp-content\/uploads\/sites\/18\/2024\/04\/Detektiv-Dachs-Logo-trans-300x287.png 300w\" sizes=\"(max-width: 317px) 100vw, 317px\" \/>\t\t\t\t\t\t\t\t\t\t\t\t\t<\/div>\n\t\t\t\t<\/div>\n\t\t\t\t<\/div>\n\t\t<div class=\"elementor-element elementor-element-923c924 e-con-full e-flex e-con e-child\" data-id=\"923c924\" data-element_type=\"container\" data-settings=\"{&quot;jet_parallax_layout_list&quot;:[]}\">\n\t\t\t\t<div class=\"elementor-element elementor-element-63aad10 elementor-widget elementor-widget-text-editor\" data-id=\"63aad10\" data-element_type=\"widget\" data-widget_type=\"text-editor.default\">\n\t\t\t\t<div class=\"elementor-widget-container\">\n\t\t\t<style>\/*! elementor - v3.22.0 - 26-06-2024 *\/\n.elementor-widget-text-editor.elementor-drop-cap-view-stacked .elementor-drop-cap{background-color:#69727d;color:#fff}.elementor-widget-text-editor.elementor-drop-cap-view-framed .elementor-drop-cap{color:#69727d;border:3px solid;background-color:transparent}.elementor-widget-text-editor:not(.elementor-drop-cap-view-default) .elementor-drop-cap{margin-top:8px}.elementor-widget-text-editor:not(.elementor-drop-cap-view-default) .elementor-drop-cap-letter{width:1em;height:1em}.elementor-widget-text-editor .elementor-drop-cap{float:left;text-align:center;line-height:1;font-size:50px}.elementor-widget-text-editor .elementor-drop-cap-letter{display:inline-block}<\/style>\t\t\t\t<p>Vous avez une question sur un produit D\u00e9tective-Blaireau ?<\/p><p>Ou \u00eates-vous int\u00e9ress\u00e9 par l&rsquo;offre d&rsquo;un de nos trails d&rsquo;aventure (D\u00e9tective-Trails ou Crime-Trails) dans votre ville ou r\u00e9gion ? Pour 3 000 CHF, nous nous ferons un plaisir d&rsquo;organiser un trail chez vous.<\/p><p>Ou aimeriez-vous un livre pour enfants avec le D\u00e9tective Blaireau pour votre ville, r\u00e9gion ou entreprise ? Pour CHF 10&rsquo;000, nous \u00e9crivons et produisons volontiers votre propre livre pour enfants du D\u00e9tective Blaireau, ou pour CHF 6&rsquo;000, un roman policier \u00e0 \u00e9nigmes ou une Home-Expedition sur votre th\u00e8me.<\/p><h2>Contact<\/h2><p>Detektiv Dachs<br \/>c\/o SB Switzerland AG<br \/>Talgut-Zentrum 7<br \/>3063 Ittigen<\/p><p>031 381 11 66<br \/><a href=\"\u00ab\">info@detektiv-dachs.ch<\/a><\/p><p>Heures d&rsquo;ouverture du shop : Sur rendez-vous<\/p>\t\t\t\t\t\t<\/div>\n\t\t\t\t<\/div>\n\t\t\t\t<\/div>\n\t\t\t\t\t<\/div>\n\t\t\t\t<\/div>\n\t\t\t\t<\/div>\n\t\t","protected":false},"excerpt":{"rendered":"<p>Vous avez une question sur un produit D\u00e9tective-Blaireau ? Ou \u00eates-vous int\u00e9ress\u00e9 par l&rsquo;offre d&rsquo;un de nos trails d&rsquo;aventure (D\u00e9tective-Trails ou Crime-Trails) dans votre ville ou r\u00e9gion ? Pour 3 000 CHF, nous nous ferons un plaisir d&rsquo;organiser un trail chez vous. Ou aimeriez-vous un livre pour enfants avec le D\u00e9tective Blaireau pour votre ville, [&hellip;]<\/p>\n","protected":false},"author":1,"featured_media":0,"parent":0,"menu_order":0,"comment_status":"closed","ping_status":"closed","template":"","meta":{"inline_featured_image":false,"site-sidebar-layout":"no-sidebar","site-content-layout":"page-builder","ast-site-content-layout":"full-width-container","site-content-style":"default","site-sidebar-style":"default","ast-global-header-display":"","ast-banner-title-visibility":"","ast-main-header-display":"","ast-hfb-above-header-display":"","ast-hfb-below-header-display":"","ast-hfb-mobile-header-display":"","site-post-title":"disabled","ast-breadcrumbs-content":"","ast-featured-img":"disabled","footer-sml-layout":"","ast-disable-related-posts":"","theme-transparent-header-meta":"default","adv-header-id-meta":"","stick-header-meta":"default","header-above-stick-meta":"","header-main-stick-meta":"","header-below-stick-meta":"","astra-migrate-meta-layouts":"set","ast-page-background-enabled":"default","ast-page-background-meta":{"desktop":{"background-color":"var(--ast-global-color-4)","background-image":"","background-repeat":"repeat","background-position":"center center","background-size":"auto","background-attachment":"scroll","background-type":"","background-media":"","overlay-type":"","overlay-color":"","overlay-opacity":"","overlay-gradient":""},"tablet":{"background-color":"","background-image":"","background-repeat":"repeat","background-position":"center center","background-size":"auto","background-attachment":"scroll","background-type":"","background-media":"","overlay-type":"","overlay-color":"","overlay-opacity":"","overlay-gradient":""},"mobile":{"background-color":"","background-image":"","background-repeat":"repeat","background-position":"center center","background-size":"auto","background-attachment":"scroll","background-type":"","background-media":"","overlay-type":"","overlay-color":"","overlay-opacity":"","overlay-gradient":""}},"ast-content-background-meta":{"desktop":{"background-color":"var(--ast-global-color-5)","background-image":"","background-repeat":"repeat","background-position":"center center","background-size":"auto","background-attachment":"scroll","background-type":"","background-media":"","overlay-type":"","overlay-color":"","overlay-opacity":"","overlay-gradient":""},"tablet":{"background-color":"var(--ast-global-color-5)","background-image":"","background-repeat":"repeat","background-position":"center center","background-size":"auto","background-attachment":"scroll","background-type":"","background-media":"","overlay-type":"","overlay-color":"","overlay-opacity":"","overlay-gradient":""},"mobile":{"background-color":"var(--ast-global-color-5)","background-image":"","background-repeat":"repeat","background-position":"center center","background-size":"auto","background-attachment":"scroll","background-type":"","background-media":"","overlay-type":"","overlay-color":"","overlay-opacity":"","overlay-gradient":""}},"footnotes":""},"class_list":["post-2833","page","type-page","status-publish","hentry"],"_links":{"self":[{"href":"https:\/\/detektiv-dachs.ch\/fr\/wp-json\/wp\/v2\/pages\/2833","targetHints":{"allow":["GET"]}}],"collection":[{"href":"https:\/\/detektiv-dachs.ch\/fr\/wp-json\/wp\/v2\/pages"}],"about":[{"href":"https:\/\/detektiv-dachs.ch\/fr\/wp-json\/wp\/v2\/types\/page"}],"author":[{"embeddable":true,"href":"https:\/\/detektiv-dachs.ch\/fr\/wp-json\/wp\/v2\/users\/1"}],"replies":[{"embeddable":true,"href":"https:\/\/detektiv-dachs.ch\/fr\/wp-json\/wp\/v2\/comments?post=2833"}],"version-history":[{"count":0,"href":"https:\/\/detektiv-dachs.ch\/fr\/wp-json\/wp\/v2\/pages\/2833\/revisions"}],"wp:attachment":[{"href":"https:\/\/detektiv-dachs.ch\/fr\/wp-json\/wp\/v2\/media?parent=2833"}],"curies":[{"name":"wp","href":"https:\/\/api.w.org\/{rel}","templated":true}]}}