{"id":3411,"date":"2024-04-05T09:19:06","date_gmt":"2024-04-05T07:19:06","guid":{"rendered":"https:\/\/detektiv-dachs.ch\/raetsel-krimi\/"},"modified":"2025-06-19T14:47:06","modified_gmt":"2025-06-19T12:47:06","slug":"devinez-crime","status":"publish","type":"page","link":"https:\/\/detektiv-dachs.ch\/fr\/devinez-crime\/","title":{"rendered":"Devinez-Crime"},"content":{"rendered":"\t\t<div data-elementor-type=\"wp-page\" data-elementor-id=\"3411\" class=\"elementor elementor-3411 elementor-93\" data-elementor-post-type=\"page\">\n\t\t\t\t<div class=\"elementor-element elementor-element-925f9f9 e-con-full e-flex e-con e-parent\" data-id=\"925f9f9\" data-element_type=\"container\" data-settings=\"{&quot;jet_parallax_layout_list&quot;:[]}\">\n\t\t\t\t<div class=\"elementor-element elementor-element-422cb1a elementor-widget elementor-widget-image\" data-id=\"422cb1a\" data-element_type=\"widget\" data-widget_type=\"image.default\">\n\t\t\t\t<div class=\"elementor-widget-container\">\n\t\t\t<style>\/*! elementor - v3.22.0 - 26-06-2024 *\/\n.elementor-widget-image{text-align:center}.elementor-widget-image a{display:inline-block}.elementor-widget-image a img[src$=\".svg\"]{width:48px}.elementor-widget-image img{vertical-align:middle;display:inline-block}<\/style>\t\t\t\t\t\t\t\t\t\t<img fetchpriority=\"high\" decoding=\"async\" width=\"1920\" height=\"589\" src=\"https:\/\/detektiv-dachs.ch\/wp-content\/uploads\/sites\/18\/2024\/04\/header-krimi-raetsel.jpg\" class=\"attachment-full size-full wp-image-528\" alt=\"\" srcset=\"https:\/\/detektiv-dachs.ch\/wp-content\/uploads\/sites\/18\/2024\/04\/header-krimi-raetsel.jpg 1920w, https:\/\/detektiv-dachs.ch\/wp-content\/uploads\/sites\/18\/2024\/04\/header-krimi-raetsel-300x92.jpg 300w, https:\/\/detektiv-dachs.ch\/wp-content\/uploads\/sites\/18\/2024\/04\/header-krimi-raetsel-1024x314.jpg 1024w, https:\/\/detektiv-dachs.ch\/wp-content\/uploads\/sites\/18\/2024\/04\/header-krimi-raetsel-768x236.jpg 768w, https:\/\/detektiv-dachs.ch\/wp-content\/uploads\/sites\/18\/2024\/04\/header-krimi-raetsel-1536x471.jpg 1536w\" sizes=\"(max-width: 1920px) 100vw, 1920px\" \/>\t\t\t\t\t\t\t\t\t\t\t\t\t<\/div>\n\t\t\t\t<\/div>\n\t\t\t\t<\/div>\n\t\t<div class=\"elementor-element elementor-element-9c77a9d e-flex e-con-boxed e-con e-parent\" data-id=\"9c77a9d\" data-element_type=\"container\" data-settings=\"{&quot;jet_parallax_layout_list&quot;:[]}\">\n\t\t\t\t\t<div class=\"e-con-inner\">\n\t\t<div class=\"elementor-element elementor-element-1465995 e-con-full e-flex e-con e-child\" data-id=\"1465995\" data-element_type=\"container\" data-settings=\"{&quot;jet_parallax_layout_list&quot;:[]}\">\n\t\t\t\t<div class=\"elementor-element elementor-element-23fb2b4 elementor-widget elementor-widget-image\" data-id=\"23fb2b4\" data-element_type=\"widget\" data-widget_type=\"image.default\">\n\t\t\t\t<div class=\"elementor-widget-container\">\n\t\t\t\t\t\t\t\t\t\t\t\t\t<img decoding=\"async\" width=\"246\" height=\"300\" src=\"https:\/\/detektiv-dachs.ch\/wp-content\/uploads\/sites\/18\/2025\/06\/Logo-Devinez-Crime-246x300.png\" class=\"attachment-medium size-medium wp-image-3518\" alt=\"\" srcset=\"https:\/\/detektiv-dachs.ch\/wp-content\/uploads\/sites\/18\/2025\/06\/Logo-Devinez-Crime-246x300.png 246w, https:\/\/detektiv-dachs.ch\/wp-content\/uploads\/sites\/18\/2025\/06\/Logo-Devinez-Crime-600x732.png 600w, https:\/\/detektiv-dachs.ch\/wp-content\/uploads\/sites\/18\/2025\/06\/Logo-Devinez-Crime.png 615w\" sizes=\"(max-width: 246px) 100vw, 246px\" \/>\t\t\t\t\t\t\t\t\t\t\t\t\t<\/div>\n\t\t\t\t<\/div>\n\t\t\t\t<\/div>\n\t\t<div class=\"elementor-element elementor-element-a53aa45 e-con-full e-flex e-con e-child\" data-id=\"a53aa45\" data-element_type=\"container\" data-settings=\"{&quot;jet_parallax_layout_list&quot;:[]}\">\n\t\t\t\t<div class=\"elementor-element elementor-element-acb68c7 elementor-widget elementor-widget-text-editor\" data-id=\"acb68c7\" data-element_type=\"widget\" data-widget_type=\"text-editor.default\">\n\t\t\t\t<div class=\"elementor-widget-container\">\n\t\t\t<style>\/*! elementor - v3.22.0 - 26-06-2024 *\/\n.elementor-widget-text-editor.elementor-drop-cap-view-stacked .elementor-drop-cap{background-color:#69727d;color:#fff}.elementor-widget-text-editor.elementor-drop-cap-view-framed .elementor-drop-cap{color:#69727d;border:3px solid;background-color:transparent}.elementor-widget-text-editor:not(.elementor-drop-cap-view-default) .elementor-drop-cap{margin-top:8px}.elementor-widget-text-editor:not(.elementor-drop-cap-view-default) .elementor-drop-cap-letter{width:1em;height:1em}.elementor-widget-text-editor .elementor-drop-cap{float:left;text-align:center;line-height:1;font-size:50px}.elementor-widget-text-editor .elementor-drop-cap-letter{display:inline-block}<\/style>\t\t\t\t<h2>Devinez-Crime<\/h2><p class=\"\" data-start=\"70\" data-end=\"487\">Les Devinez-Crimes sont des histoires criminelles interactives con\u00e7ues pour faire r\u00e9fl\u00e9chir.<\/p><p class=\"\" data-start=\"70\" data-end=\"487\">Dans chaque chapitre de ces r\u00e9cits policiers captivants, construits comme un Escape Game, tu r\u00e9sous une \u00e9nigme de d\u00e9tective qui te rapproche de la r\u00e9solution de l\u2019affaire.<\/p><p class=\"\" data-start=\"70\" data-end=\"487\">Les Devinez-Crimes sont disponibles en t\u00e9l\u00e9chargement au format PDF A4 recto-verso . Les \u00e9nigmes apparaissent en scannant un code QR avec la cam\u00e9ra de ton t\u00e9l\u00e9phone.<\/p><p class=\"\" data-start=\"489\" data-end=\"591\">En m\u00eame temps, les enqu\u00eates te permettent de d\u00e9couvrir des connaissances passionnantes sur diff\u00e9rents sujets.<\/p><p class=\"\" data-start=\"593\" data-end=\"770\"><strong data-start=\"593\" data-end=\"611\">Public cible :<\/strong><\/p><p class=\"\" data-start=\"593\" data-end=\"770\">Enfants d\u00e8s 7 ans (avec accompagnement), ou d\u00e8s 12 ans (de mani\u00e8re autonome), ainsi que leurs parents, grands-parents, parrains\/marraines et enseignant\u00b7e\u00b7s.<\/p><p class=\"\" data-start=\"772\" data-end=\"1519\">Tu trouveras plus d\u2019informations et tu pourras acheter Devinez-Crimes dans la boutique. Si tu r\u00e9sous correctement l&rsquo;histoire criminelle, tu recevras un code de r\u00e9duction de 20 % pour ta prochaine activit\u00e9 de loisirs \u2013 ou pour un article de fan.<br data-start=\"1033\" data-end=\"1036\" \/>Le code de r\u00e9duction peut \u00eatre utilis\u00e9 sur les sites suivants et pour les activit\u00e9s suivantes :<br data-start=\"1131\" data-end=\"1134\" \/><a class=\"\" href=\"https:\/\/www.detective-trails.ch\" target=\"_new\" rel=\"noopener\" data-start=\"1134\" data-end=\"1192\">www.detective-trails.ch<\/a> (chasses au tr\u00e9sor et parcours pour familles),<br data-start=\"1239\" data-end=\"1242\" \/><a class=\"\" href=\"https:\/\/www.crime-trails.ch\" target=\"_new\" rel=\"noopener\" data-start=\"1242\" data-end=\"1294\">www.crime-trails.ch<\/a> (r\u00e9sous une affaire criminelle),<br data-start=\"1327\" data-end=\"1330\" \/><a class=\"\" href=\"https:\/\/www.finding-daniel.ch\" target=\"_new\" rel=\"noopener\" data-start=\"1330\" data-end=\"1384\">www.finding-daniel.ch<\/a> (visite interactive de ville et chasse au tr\u00e9sor pour adultes),<br data-start=\"1448\" data-end=\"1451\" \/>ou sur <a class=\"\" href=\"https:\/\/www.detective-blaireau.ch\" target=\"_new\" rel=\"noopener\" data-start=\"1458\" data-end=\"1518\">www.detective-blaireau.ch<\/a>.<\/p><p class=\"\" data-start=\"1521\" data-end=\"1606\">Amuse-toi bien en lisant les histoires de d\u00e9tective et en r\u00e9solvant les \u00e9nigmes !<\/p><p><strong>Solutions:\u00a0<\/strong><\/p><ul><li><a href=\"https:\/\/detektiv-dachs.ch\/fr\/solutions-devinez-crime-le-polar-scientifique\/\">Solutions Devinez-Crime \u00ab\u00a0Le polar scientifique\u00a0\u00bb<\/a><\/li><\/ul>\t\t\t\t\t\t<\/div>\n\t\t\t\t<\/div>\n\t\t\t\t<div class=\"elementor-element elementor-element-a75c5f6 elementor-widget elementor-widget-text-editor\" data-id=\"a75c5f6\" data-element_type=\"widget\" data-widget_type=\"text-editor.default\">\n\t\t\t\t<div class=\"elementor-widget-container\">\n\t\t\t\t\t\t\t<p><strong>Devinez-Crime:<\/strong><\/p>\t\t\t\t\t\t<\/div>\n\t\t\t\t<\/div>\n\t\t\t\t<div class=\"elementor-element elementor-element-bbdb951 uael-woo--align-left uael-sale-flash-custom elementor-widget elementor-widget-uael-woo-products\" data-id=\"bbdb951\" data-element_type=\"widget\" data-settings=\"{&quot;products_columns&quot;:&quot;2&quot;,&quot;products_columns_tablet&quot;:&quot;3&quot;,&quot;products_columns_mobile&quot;:&quot;1&quot;}\" data-widget_type=\"uael-woo-products.grid-franko\">\n\t\t\t\t<div class=\"elementor-widget-container\">\n\t\t\t<div class=\"uael-woocommerce uael-woo-products-grid uael-woo-skin-grid-franko uael-woo-query-manual\" data-page=\"3411\" data-skin=\"grid_franko\"><div class=\" columns-2 uael-woo-products-inner uael-woo-product__column-2 uael-woo-product__column-tablet-3 uael-woo-product__column-mobile-1\"><ul class=\"products columns-2\">\n\n<li class=\" devinez-crime post-3515 product first instock downloadable virtual taxable purchasable product-type-simple\">\n\t<div class=\"uael-woo-product-wrapper\">\n\t\t<div class=\"uael-woo-products-thumbnail-wrap\"><div class=\"uael-flash-container \"><\/div><a href=\"https:\/\/detektiv-dachs.ch\/fr\/produkt\/devinez-crime-le-polar-scientifique-a-imprimer-soi-meme\/\" class=\"woocommerce-LoopProduct-link woocommerce-loop-product__link\"><img decoding=\"async\" width=\"300\" height=\"300\" src=\"https:\/\/detektiv-dachs.ch\/wp-content\/uploads\/sites\/18\/2025\/06\/Polar-Scientifique-Boutique-1-300x300.jpg\" class=\"attachment-woocommerce_thumbnail size-woocommerce_thumbnail\" alt=\"Devinez-Crime: Le polar scientifique (\u00e0 imprimer soi-m\u00eame)\" \/><\/a><div class=\"uael-product-actions\"><a href=\/fr\/wp-json\/wp\/v2\/pages\/3411?add-to-cart=3515 class=\"uael-action-item-wrap uael-cart-section uael-add-to-cart-btn product_type_simple\" data-product_id=\"3515\"><span class=\"uael-action-item uael-ajax-add-cart-icon fa fa-shopping-cart\"><\/span><span class=\"uael-action-tooltip\">Ajouter au panier<\/span><\/a><\/div><\/div><div class=\"uael-woo-products-summary-wrap\"><a href=\"https:\/\/detektiv-dachs.ch\/fr\/produkt\/devinez-crime-le-polar-scientifique-a-imprimer-soi-meme\/\" class=\"uael-loop-product__link\"><h2 class=\"woocommerce-loop-product__title\">Devinez-Crime: Le polar scientifique (\u00e0 imprimer soi-m\u00eame)<\/h2><\/a>\n\t<span class=\"price\"><span class=\"woocommerce-Price-amount amount\"><bdi><span class=\"woocommerce-Price-currencySymbol\">&#67;&#72;&#70;<\/span>&nbsp;5.00<\/bdi><\/span><\/span>\n<\/div>\t<\/div>\n<\/li>\n<\/ul>\n<\/div><\/div>\t\t<\/div>\n\t\t\t\t<\/div>\n\t\t\t\t<\/div>\n\t\t\t\t\t<\/div>\n\t\t\t\t<\/div>\n\t\t\t\t<\/div>\n\t\t","protected":false},"excerpt":{"rendered":"<p>\/*! elementor &#8211; v3.22.0 &#8211; 26-06-2024 *\/ .elementor-widget-image{text-align:center}.elementor-widget-image a{display:inline-block}.elementor-widget-image a img[src$=\u00a0\u00bb.svg\u00a0\u00bb]{width:48px}.elementor-widget-image img{vertical-align:middle;display:inline-block} Devinez-Crime Les Devinez-Crimes sont des histoires criminelles interactives con\u00e7ues pour faire r\u00e9fl\u00e9chir. Dans chaque chapitre de ces r\u00e9cits policiers captivants, construits comme un Escape Game, tu r\u00e9sous une \u00e9nigme de d\u00e9tective qui te rapproche de la r\u00e9solution de l\u2019affaire. Les Devinez-Crimes sont disponibles [&hellip;]<\/p>\n","protected":false},"author":1,"featured_media":0,"parent":0,"menu_order":0,"comment_status":"closed","ping_status":"closed","template":"","meta":{"inline_featured_image":false,"site-sidebar-layout":"no-sidebar","site-content-layout":"page-builder","ast-site-content-layout":"full-width-container","site-content-style":"default","site-sidebar-style":"default","ast-global-header-display":"","ast-banner-title-visibility":"","ast-main-header-display":"","ast-hfb-above-header-display":"","ast-hfb-below-header-display":"","ast-hfb-mobile-header-display":"","site-post-title":"disabled","ast-breadcrumbs-content":"","ast-featured-img":"disabled","footer-sml-layout":"","ast-disable-related-posts":"","theme-transparent-header-meta":"default","adv-header-id-meta":"","stick-header-meta":"default","header-above-stick-meta":"","header-main-stick-meta":"","header-below-stick-meta":"","astra-migrate-meta-layouts":"set","ast-page-background-enabled":"default","ast-page-background-meta":{"desktop":{"background-color":"var(--ast-global-color-4)","background-image":"","background-repeat":"repeat","background-position":"center center","background-size":"auto","background-attachment":"scroll","background-type":"","background-media":"","overlay-type":"","overlay-color":"","overlay-opacity":"","overlay-gradient":""},"tablet":{"background-color":"","background-image":"","background-repeat":"repeat","background-position":"center center","background-size":"auto","background-attachment":"scroll","background-type":"","background-media":"","overlay-type":"","overlay-color":"","overlay-opacity":"","overlay-gradient":""},"mobile":{"background-color":"","background-image":"","background-repeat":"repeat","background-position":"center center","background-size":"auto","background-attachment":"scroll","background-type":"","background-media":"","overlay-type":"","overlay-color":"","overlay-opacity":"","overlay-gradient":""}},"ast-content-background-meta":{"desktop":{"background-color":"var(--ast-global-color-5)","background-image":"","background-repeat":"repeat","background-position":"center center","background-size":"auto","background-attachment":"scroll","background-type":"","background-media":"","overlay-type":"","overlay-color":"","overlay-opacity":"","overlay-gradient":""},"tablet":{"background-color":"var(--ast-global-color-5)","background-image":"","background-repeat":"repeat","background-position":"center center","background-size":"auto","background-attachment":"scroll","background-type":"","background-media":"","overlay-type":"","overlay-color":"","overlay-opacity":"","overlay-gradient":""},"mobile":{"background-color":"var(--ast-global-color-5)","background-image":"","background-repeat":"repeat","background-position":"center center","background-size":"auto","background-attachment":"scroll","background-type":"","background-media":"","overlay-type":"","overlay-color":"","overlay-opacity":"","overlay-gradient":""}},"footnotes":""},"class_list":["post-3411","page","type-page","status-publish","hentry","desktop-align-center","tablet-align-left","mobile-align-left","ast-product-gallery-layout-horizontal-slider","ast-product-gallery-with-no-image","ast-product-tabs-layout-horizontal"],"_links":{"self":[{"href":"https:\/\/detektiv-dachs.ch\/fr\/wp-json\/wp\/v2\/pages\/3411","targetHints":{"allow":["GET"]}}],"collection":[{"href":"https:\/\/detektiv-dachs.ch\/fr\/wp-json\/wp\/v2\/pages"}],"about":[{"href":"https:\/\/detektiv-dachs.ch\/fr\/wp-json\/wp\/v2\/types\/page"}],"author":[{"embeddable":true,"href":"https:\/\/detektiv-dachs.ch\/fr\/wp-json\/wp\/v2\/users\/1"}],"replies":[{"embeddable":true,"href":"https:\/\/detektiv-dachs.ch\/fr\/wp-json\/wp\/v2\/comments?post=3411"}],"version-history":[{"count":0,"href":"https:\/\/detektiv-dachs.ch\/fr\/wp-json\/wp\/v2\/pages\/3411\/revisions"}],"wp:attachment":[{"href":"https:\/\/detektiv-dachs.ch\/fr\/wp-json\/wp\/v2\/media?parent=3411"}],"curies":[{"name":"wp","href":"https:\/\/api.w.org\/{rel}","templated":true}]}}