{"id":1606,"date":"2024-09-24T15:14:16","date_gmt":"2024-09-24T13:14:16","guid":{"rendered":"https:\/\/detektiv-dachs.ch\/produkt\/detektiv-dachs-raetselheft-nr-1\/"},"modified":"2024-11-05T15:50:16","modified_gmt":"2024-11-05T14:50:16","slug":"detective-blaireau-livret-denigmes-n-1","status":"publish","type":"product","link":"https:\/\/detektiv-dachs.ch\/fr\/produkt\/detective-blaireau-livret-denigmes-n-1\/","title":{"rendered":"D\u00e9tective Blaireau Livret d\u2019\u00e9nigmes n\u00b0 1"},"content":{"rendered":"<p>Livret d\u2019enigmes de 16 pages<\/p>\n<p>Ce livret d\u2019\u00e9nigmes pour enfants (et adultes) est une collection d\u2019\u00e9nigmes divertissantes pour la maison ou la route et convient \u00e9galement comme petit cadeau. Le livret d\u2019\u00e9nigmes comprend les \u00e9nigmes suivantes : Jeu de logique, Bimaru, Binoxxo, Sudoku, Mots m\u00eales, Mots cas\u00e9s, Petites enigmes, Point \u00e0 point, Paroli, Anagramme.<\/p>\n<p>Format : A5 (L 148 mm x L 210 mm)<br \/>\nAuteurs : SB Switzerland AG \/ K\u00fcng Verlags AG<br \/>\nIllustration : Rahel Messerli \/ K\u00fcng Verlags AG<\/p>\n","protected":false},"excerpt":{"rendered":"<p>Livret d\u2019enigmes de 16 pages<\/p>\n<p>Ce livret d\u2019\u00e9nigmes pour enfants (et adultes) est une collection d\u2019\u00e9nigmes divertissantes pour la maison ou la route et convient \u00e9galement comme petit cadeau. Le livret d\u2019\u00e9nigmes comprend les \u00e9nigmes suivantes : Jeu de logique, Bimaru, Binoxxo, Sudoku, Mots m\u00eales, Mots cas\u00e9s, Petites enigmes, Point \u00e0 point, Paroli, Anagramme.<\/p>\n<p>Format : A5 (L 148 mm x L 210 mm)<br \/>\nAuteurs : SB Switzerland AG \/ K\u00fcng Verlags AG<br \/>\nIllustration : Rahel Messerli \/ K\u00fcng Verlags AG<\/p>\n","protected":false},"featured_media":1607,"comment_status":"open","ping_status":"closed","template":"","meta":{"inline_featured_image":false,"site-sidebar-layout":"default","site-content-layout":"","ast-site-content-layout":"default","site-content-style":"default","site-sidebar-style":"default","ast-global-header-display":"","ast-banner-title-visibility":"","ast-main-header-display":"","ast-hfb-above-header-display":"","ast-hfb-below-header-display":"","ast-hfb-mobile-header-display":"","site-post-title":"","ast-breadcrumbs-content":"","ast-featured-img":"","footer-sml-layout":"","ast-disable-related-posts":"","theme-transparent-header-meta":"default","adv-header-id-meta":"","stick-header-meta":"default","header-above-stick-meta":"","header-main-stick-meta":"","header-below-stick-meta":"","astra-migrate-meta-layouts":"set","ast-page-background-enabled":"default","ast-page-background-meta":{"desktop":{"background-color":"var(--ast-global-color-4)","background-image":"","background-repeat":"repeat","background-position":"center center","background-size":"auto","background-attachment":"scroll","background-type":"","background-media":"","overlay-type":"","overlay-color":"","overlay-opacity":"","overlay-gradient":""},"tablet":{"background-color":"","background-image":"","background-repeat":"repeat","background-position":"center center","background-size":"auto","background-attachment":"scroll","background-type":"","background-media":"","overlay-type":"","overlay-color":"","overlay-opacity":"","overlay-gradient":""},"mobile":{"background-color":"","background-image":"","background-repeat":"repeat","background-position":"center center","background-size":"auto","background-attachment":"scroll","background-type":"","background-media":"","overlay-type":"","overlay-color":"","overlay-opacity":"","overlay-gradient":""}},"ast-content-background-meta":{"desktop":{"background-color":"var(--ast-global-color-5)","background-image":"","background-repeat":"repeat","background-position":"center center","background-size":"auto","background-attachment":"scroll","background-type":"","background-media":"","overlay-type":"","overlay-color":"","overlay-opacity":"","overlay-gradient":""},"tablet":{"background-color":"var(--ast-global-color-5)","background-image":"","background-repeat":"repeat","background-position":"center center","background-size":"auto","background-attachment":"scroll","background-type":"","background-media":"","overlay-type":"","overlay-color":"","overlay-opacity":"","overlay-gradient":""},"mobile":{"background-color":"var(--ast-global-color-5)","background-image":"","background-repeat":"repeat","background-position":"center center","background-size":"auto","background-attachment":"scroll","background-type":"","background-media":"","overlay-type":"","overlay-color":"","overlay-opacity":"","overlay-gradient":""}}},"product_brand":[],"product_cat":[85],"product_tag":[93,108,109,94,110,111,112,113],"class_list":{"0":"post-1606","1":"product","2":"type-product","3":"status-publish","4":"has-post-thumbnail","6":"product_cat-livret-d-enigmes","7":"product_tag-detektiv-dachs-fr","8":"product_tag-familie-fr","9":"product_tag-geburtstag-fr","10":"product_tag-kinder-fr","11":"product_tag-knobeln-fr","12":"product_tag-raetselheft-fr","13":"product_tag-raetseln-fr","14":"product_tag-spass-fr","15":"product_shipping_class-verpackungs-und-versandkosten","16":"desktop-align-center","17":"tablet-align-left","18":"mobile-align-left","19":"ast-product-gallery-layout-horizontal-slider","20":"ast-product-tabs-layout-horizontal","22":"first","23":"instock","24":"taxable","25":"shipping-taxable","26":"purchasable","27":"product-type-simple"},"_links":{"self":[{"href":"https:\/\/detektiv-dachs.ch\/fr\/wp-json\/wp\/v2\/product\/1606","targetHints":{"allow":["GET"]}}],"collection":[{"href":"https:\/\/detektiv-dachs.ch\/fr\/wp-json\/wp\/v2\/product"}],"about":[{"href":"https:\/\/detektiv-dachs.ch\/fr\/wp-json\/wp\/v2\/types\/product"}],"replies":[{"embeddable":true,"href":"https:\/\/detektiv-dachs.ch\/fr\/wp-json\/wp\/v2\/comments?post=1606"}],"wp:featuredmedia":[{"embeddable":true,"href":"https:\/\/detektiv-dachs.ch\/fr\/wp-json\/wp\/v2\/media\/1607"}],"wp:attachment":[{"href":"https:\/\/detektiv-dachs.ch\/fr\/wp-json\/wp\/v2\/media?parent=1606"}],"wp:term":[{"taxonomy":"product_brand","embeddable":true,"href":"https:\/\/detektiv-dachs.ch\/fr\/wp-json\/wp\/v2\/product_brand?post=1606"},{"taxonomy":"product_cat","embeddable":true,"href":"https:\/\/detektiv-dachs.ch\/fr\/wp-json\/wp\/v2\/product_cat?post=1606"},{"taxonomy":"product_tag","embeddable":true,"href":"https:\/\/detektiv-dachs.ch\/fr\/wp-json\/wp\/v2\/product_tag?post=1606"}],"curies":[{"name":"wp","href":"https:\/\/api.w.org\/{rel}","templated":true}]}}