{"id":1616,"date":"2024-09-24T15:14:16","date_gmt":"2024-09-24T13:14:16","guid":{"rendered":"https:\/\/detektiv-dachs.ch\/produkt\/detektiv-dachs-schiebespiel\/"},"modified":"2024-11-05T15:50:15","modified_gmt":"2024-11-05T14:50:15","slug":"detective-blaireau-jeu-de-glisse","status":"publish","type":"product","link":"https:\/\/detektiv-dachs.ch\/fr\/produkt\/detective-blaireau-jeu-de-glisse\/","title":{"rendered":"D\u00e9tective Blaireau Jeu de glisse"},"content":{"rendered":"<p>D\u00e9tective Blaireau Jeu de glisse<\/p>\n<p>Le classique jeu de glisse \u00e0 chiffres dans un format diff\u00e9rent avec D\u00e9tective Blaireau. Relevez le d\u00e9fi et remettez d\u00e9tective Blaireau en forme.<\/p>\n","protected":false},"excerpt":{"rendered":"<p>D\u00e9tective Blaireau Jeu de glisse<\/p>\n<p>Le classique jeu de glisse \u00e0 chiffres dans un format diff\u00e9rent avec D\u00e9tective Blaireau. Relevez le d\u00e9fi et remettez d\u00e9tective Blaireau en forme.<\/p>\n","protected":false},"featured_media":1599,"comment_status":"open","ping_status":"closed","template":"","meta":{"inline_featured_image":false,"site-sidebar-layout":"default","site-content-layout":"","ast-site-content-layout":"default","site-content-style":"default","site-sidebar-style":"default","ast-global-header-display":"","ast-banner-title-visibility":"","ast-main-header-display":"","ast-hfb-above-header-display":"","ast-hfb-below-header-display":"","ast-hfb-mobile-header-display":"","site-post-title":"","ast-breadcrumbs-content":"","ast-featured-img":"","footer-sml-layout":"","ast-disable-related-posts":"","theme-transparent-header-meta":"default","adv-header-id-meta":"","stick-header-meta":"default","header-above-stick-meta":"","header-main-stick-meta":"","header-below-stick-meta":"","astra-migrate-meta-layouts":"set","ast-page-background-enabled":"default","ast-page-background-meta":{"desktop":{"background-color":"var(--ast-global-color-4)","background-image":"","background-repeat":"repeat","background-position":"center center","background-size":"auto","background-attachment":"scroll","background-type":"","background-media":"","overlay-type":"","overlay-color":"","overlay-opacity":"","overlay-gradient":""},"tablet":{"background-color":"","background-image":"","background-repeat":"repeat","background-position":"center center","background-size":"auto","background-attachment":"scroll","background-type":"","background-media":"","overlay-type":"","overlay-color":"","overlay-opacity":"","overlay-gradient":""},"mobile":{"background-color":"","background-image":"","background-repeat":"repeat","background-position":"center center","background-size":"auto","background-attachment":"scroll","background-type":"","background-media":"","overlay-type":"","overlay-color":"","overlay-opacity":"","overlay-gradient":""}},"ast-content-background-meta":{"desktop":{"background-color":"var(--ast-global-color-5)","background-image":"","background-repeat":"repeat","background-position":"center center","background-size":"auto","background-attachment":"scroll","background-type":"","background-media":"","overlay-type":"","overlay-color":"","overlay-opacity":"","overlay-gradient":""},"tablet":{"background-color":"var(--ast-global-color-5)","background-image":"","background-repeat":"repeat","background-position":"center center","background-size":"auto","background-attachment":"scroll","background-type":"","background-media":"","overlay-type":"","overlay-color":"","overlay-opacity":"","overlay-gradient":""},"mobile":{"background-color":"var(--ast-global-color-5)","background-image":"","background-repeat":"repeat","background-position":"center center","background-size":"auto","background-attachment":"scroll","background-type":"","background-media":"","overlay-type":"","overlay-color":"","overlay-opacity":"","overlay-gradient":""}}},"product_brand":[],"product_cat":[86],"product_tag":[93,100,102,94,103,114,115],"class_list":{"0":"post-1616","1":"product","2":"type-product","3":"status-publish","4":"has-post-thumbnail","6":"product_cat-articles-de-fan","7":"product_tag-detektiv-dachs-fr","8":"product_tag-geduldsspiel-fr","9":"product_tag-geschicklichkeit-fr","10":"product_tag-kinder-fr","11":"product_tag-kindergeburtstag-fr","12":"product_tag-knobelspiel-fr","13":"product_tag-schiebespiel-fr","14":"product_shipping_class-verpackungs-und-versandkosten","15":"desktop-align-center","16":"tablet-align-left","17":"mobile-align-left","18":"ast-product-gallery-layout-horizontal-slider","19":"ast-product-gallery-with-no-image","20":"ast-product-tabs-layout-horizontal","22":"first","23":"instock","24":"taxable","25":"shipping-taxable","26":"purchasable","27":"product-type-simple"},"_links":{"self":[{"href":"https:\/\/detektiv-dachs.ch\/fr\/wp-json\/wp\/v2\/product\/1616","targetHints":{"allow":["GET"]}}],"collection":[{"href":"https:\/\/detektiv-dachs.ch\/fr\/wp-json\/wp\/v2\/product"}],"about":[{"href":"https:\/\/detektiv-dachs.ch\/fr\/wp-json\/wp\/v2\/types\/product"}],"replies":[{"embeddable":true,"href":"https:\/\/detektiv-dachs.ch\/fr\/wp-json\/wp\/v2\/comments?post=1616"}],"wp:featuredmedia":[{"embeddable":true,"href":"https:\/\/detektiv-dachs.ch\/fr\/wp-json\/wp\/v2\/media\/1599"}],"wp:attachment":[{"href":"https:\/\/detektiv-dachs.ch\/fr\/wp-json\/wp\/v2\/media?parent=1616"}],"wp:term":[{"taxonomy":"product_brand","embeddable":true,"href":"https:\/\/detektiv-dachs.ch\/fr\/wp-json\/wp\/v2\/product_brand?post=1616"},{"taxonomy":"product_cat","embeddable":true,"href":"https:\/\/detektiv-dachs.ch\/fr\/wp-json\/wp\/v2\/product_cat?post=1616"},{"taxonomy":"product_tag","embeddable":true,"href":"https:\/\/detektiv-dachs.ch\/fr\/wp-json\/wp\/v2\/product_tag?post=1616"}],"curies":[{"name":"wp","href":"https:\/\/api.w.org\/{rel}","templated":true}]}}