{"id":3515,"date":"2025-04-30T14:55:34","date_gmt":"2025-04-30T12:55:34","guid":{"rendered":"https:\/\/detektiv-dachs.ch\/produkt\/devinez-crime-le-polar-scientifique-a-imprimer-soi-meme\/"},"modified":"2025-06-20T15:52:59","modified_gmt":"2025-06-20T13:52:59","slug":"devinez-crime-le-polar-scientifique-a-imprimer-soi-meme","status":"publish","type":"product","link":"https:\/\/detektiv-dachs.ch\/fr\/produkt\/devinez-crime-le-polar-scientifique-a-imprimer-soi-meme\/","title":{"rendered":"Devinez-Crime: Le polar scientifique (\u00e0 imprimer soi-m\u00eame)"},"content":{"rendered":"<p>Un polar scientifique avec des \u00e9nigmes. Chaque \u00e9nigme de d\u00e9tective r\u00e9solue te rapproche de la solution de l&rsquo;affaire. Celui qui r\u00e9sout correctement les \u00e9nigmes re\u00e7oit une r\u00e9duction sur les parcours de loisirs et de tourisme de MyCityHighlight.<\/p>\n<p>A imprimer soi-m\u00eame. Double A4 avec peu de texte et des \u00e9nigmes anim\u00e9es (apparaissent en scannant un code QR avec la cam\u00e9ra du t\u00e9l\u00e9phone portable)<\/p>\n<p><strong>L&rsquo;affaire : <\/strong>Une des 48 bibles de Gutenberg encore existantes a \u00e9t\u00e9 vol\u00e9e au mus\u00e9e Gutenberg de Mayence (Allemagne) ! Une br\u00e8ve recherche te permet d\u2019apprendre que la Bible de Gutenberg est le premier livre imprim\u00e9 gr\u00e2ce \u00e0 l\u2019imprimerie moderne. Gutenberg a imprim\u00e9 l\u2019ouvrage, comportant 1282 pages, entre 1452 et 1455 sur la premi\u00e8re presse \u00e0 imprimer.<br \/>\nUne lettre de revendication r\u00e9v\u00e8le que le vol a \u00e9t\u00e9 commis par le groupe scientifique \u00ab Pandora \u00bb. Ces soi-disant \u00ab sauveurs de l\u2019histoire des sciences \u00bb s\u2019opposent \u00e0 la vente aux ench\u00e8res d\u2019objets scientifiques historiques \u00e0 des particuliers. Cette pratique, adopt\u00e9e de plus en plus par les \u00c9tats et les mus\u00e9es pour am\u00e9liorer leurs finances, est critiqu\u00e9e par Pandora.<\/p>\n<p>R\u00e9ussiras-tu \u00e0 localiser le centre secret du groupement et peut-\u00eatre ainsi \u00e0 mettre la main sur d&rsquo;autres objets scientifiques uniques ?<\/p>\n<p><strong>\u00c2ge <\/strong>: 8+ (avec le soutien d&rsquo;un adulte) \/ 12+ (seul)<\/p>\n<div class=\"woocommerce-product-details__short-description\">\n<p><strong>Niveau de difficult\u00e9 : <\/strong> 2 sur 3<\/p>\n<\/div>\n","protected":false},"excerpt":{"rendered":"<p>Un polar scientifique avec des \u00e9nigmes. Chaque \u00e9nigme de d\u00e9tective r\u00e9solue te rapproche de la solution de l&rsquo;affaire. Celui qui r\u00e9sout correctement les \u00e9nigmes re\u00e7oit une r\u00e9duction sur les parcours de loisirs et de tourisme de MyCityHighlight.<\/p>\n<p>A imprimer soi-m\u00eame. Double A4 avec peu de texte et des \u00e9nigmes anim\u00e9es (apparaissent en scannant un code QR avec la cam\u00e9ra du t\u00e9l\u00e9phone portable)<\/p>\n<p><strong>L&rsquo;affaire : <\/strong>Une des 48 bibles de Gutenberg encore existantes a \u00e9t\u00e9 vol\u00e9e au mus\u00e9e Gutenberg de Mayence (Allemagne) ! Une br\u00e8ve recherche te permet d\u2019apprendre que la Bible de Gutenberg est le premier livre imprim\u00e9 gr\u00e2ce \u00e0 l\u2019imprimerie moderne. Gutenberg a imprim\u00e9 l\u2019ouvrage, comportant 1282 pages, entre 1452 et 1455 sur la premi\u00e8re presse \u00e0 imprimer.<br \/>\nUne lettre de revendication r\u00e9v\u00e8le que le vol a \u00e9t\u00e9 commis par le groupe scientifique \u00ab Pandora \u00bb. Ces soi-disant \u00ab sauveurs de l\u2019histoire des sciences \u00bb s\u2019opposent \u00e0 la vente aux ench\u00e8res d\u2019objets scientifiques historiques \u00e0 des particuliers. Cette pratique, adopt\u00e9e de plus en plus par les \u00c9tats et les mus\u00e9es pour am\u00e9liorer leurs finances, est critiqu\u00e9e par Pandora.<\/p>\n<p>R\u00e9ussiras-tu \u00e0 localiser le centre secret du groupement et peut-\u00eatre ainsi \u00e0 mettre la main sur d&rsquo;autres objets scientifiques uniques ?<\/p>\n<p><strong>\u00c2ge <\/strong>: 8+ (avec le soutien d&rsquo;un adulte) \/ 12+ (seul)<\/p>\n<div class=\"woocommerce-product-details__short-description\">\n<p><strong>Niveau de difficult\u00e9 : <\/strong> 2 sur 3<\/p>\n<\/div>\n","protected":false},"featured_media":3505,"comment_status":"open","ping_status":"closed","template":"","meta":{"inline_featured_image":false,"site-sidebar-layout":"default","site-content-layout":"","ast-site-content-layout":"default","site-content-style":"default","site-sidebar-style":"default","ast-global-header-display":"","ast-banner-title-visibility":"","ast-main-header-display":"","ast-hfb-above-header-display":"","ast-hfb-below-header-display":"","ast-hfb-mobile-header-display":"","site-post-title":"","ast-breadcrumbs-content":"","ast-featured-img":"","footer-sml-layout":"","ast-disable-related-posts":"","theme-transparent-header-meta":"default","adv-header-id-meta":"","stick-header-meta":"default","header-above-stick-meta":"","header-main-stick-meta":"","header-below-stick-meta":"","astra-migrate-meta-layouts":"set","ast-page-background-enabled":"default","ast-page-background-meta":{"desktop":{"background-color":"var(--ast-global-color-4)","background-image":"","background-repeat":"repeat","background-position":"center center","background-size":"auto","background-attachment":"scroll","background-type":"","background-media":"","overlay-type":"","overlay-color":"","overlay-opacity":"","overlay-gradient":""},"tablet":{"background-color":"","background-image":"","background-repeat":"repeat","background-position":"center center","background-size":"auto","background-attachment":"scroll","background-type":"","background-media":"","overlay-type":"","overlay-color":"","overlay-opacity":"","overlay-gradient":""},"mobile":{"background-color":"","background-image":"","background-repeat":"repeat","background-position":"center center","background-size":"auto","background-attachment":"scroll","background-type":"","background-media":"","overlay-type":"","overlay-color":"","overlay-opacity":"","overlay-gradient":""}},"ast-content-background-meta":{"desktop":{"background-color":"var(--ast-global-color-5)","background-image":"","background-repeat":"repeat","background-position":"center center","background-size":"auto","background-attachment":"scroll","background-type":"","background-media":"","overlay-type":"","overlay-color":"","overlay-opacity":"","overlay-gradient":""},"tablet":{"background-color":"var(--ast-global-color-5)","background-image":"","background-repeat":"repeat","background-position":"center center","background-size":"auto","background-attachment":"scroll","background-type":"","background-media":"","overlay-type":"","overlay-color":"","overlay-opacity":"","overlay-gradient":""},"mobile":{"background-color":"var(--ast-global-color-5)","background-image":"","background-repeat":"repeat","background-position":"center center","background-size":"auto","background-attachment":"scroll","background-type":"","background-media":"","overlay-type":"","overlay-color":"","overlay-opacity":"","overlay-gradient":""}}},"product_brand":[],"product_cat":[181],"product_tag":[93,185,184,182,94,183,186,95,97,99],"class_list":{"0":"post-3515","1":"product","2":"type-product","3":"status-publish","4":"has-post-thumbnail","6":"product_cat-devinez-crime","7":"product_tag-detektiv-dachs-fr","8":"product_tag-devinez-quoi","9":"product_tag-enigme-de-detective","10":"product_tag-histoire-de-crime","11":"product_tag-kinder-fr","12":"product_tag-mystere-a-enigmes","13":"product_tag-polar-scientifique","14":"product_tag-raetsel-fr","15":"product_tag-raetselspass-fr","16":"product_tag-unterhaltung-fr","17":"desktop-align-center","18":"tablet-align-left","19":"mobile-align-left","20":"ast-product-gallery-layout-horizontal-slider","21":"ast-product-gallery-with-no-image","22":"ast-product-tabs-layout-horizontal","24":"first","25":"instock","26":"downloadable","27":"virtual","28":"taxable","29":"purchasable","30":"product-type-simple"},"_links":{"self":[{"href":"https:\/\/detektiv-dachs.ch\/fr\/wp-json\/wp\/v2\/product\/3515","targetHints":{"allow":["GET"]}}],"collection":[{"href":"https:\/\/detektiv-dachs.ch\/fr\/wp-json\/wp\/v2\/product"}],"about":[{"href":"https:\/\/detektiv-dachs.ch\/fr\/wp-json\/wp\/v2\/types\/product"}],"replies":[{"embeddable":true,"href":"https:\/\/detektiv-dachs.ch\/fr\/wp-json\/wp\/v2\/comments?post=3515"}],"wp:featuredmedia":[{"embeddable":true,"href":"https:\/\/detektiv-dachs.ch\/fr\/wp-json\/wp\/v2\/media\/3505"}],"wp:attachment":[{"href":"https:\/\/detektiv-dachs.ch\/fr\/wp-json\/wp\/v2\/media?parent=3515"}],"wp:term":[{"taxonomy":"product_brand","embeddable":true,"href":"https:\/\/detektiv-dachs.ch\/fr\/wp-json\/wp\/v2\/product_brand?post=3515"},{"taxonomy":"product_cat","embeddable":true,"href":"https:\/\/detektiv-dachs.ch\/fr\/wp-json\/wp\/v2\/product_cat?post=3515"},{"taxonomy":"product_tag","embeddable":true,"href":"https:\/\/detektiv-dachs.ch\/fr\/wp-json\/wp\/v2\/product_tag?post=3515"}],"curies":[{"name":"wp","href":"https:\/\/api.w.org\/{rel}","templated":true}]}}