{"id":3599,"date":"2025-10-23T14:44:51","date_gmt":"2025-10-23T12:44:51","guid":{"rendered":"https:\/\/detektiv-dachs.ch\/?post_type=product&#038;p=3599"},"modified":"2025-10-23T14:53:18","modified_gmt":"2025-10-23T12:53:18","slug":"detective-blaireau-livret-denigmes-dossier-vert","status":"publish","type":"product","link":"https:\/\/detektiv-dachs.ch\/fr\/produkt\/detective-blaireau-livret-denigmes-dossier-vert\/","title":{"rendered":"D\u00e9tective Blaireau Livret d\u2019\u00e9nigmes \u00ab\u00a0Dossier vert\u00a0\u00bb"},"content":{"rendered":"<p>Livret d\u2019enigmes de 16 pages<\/p>\n<p>Ce livret d\u2019\u00e9nigmes pour enfants (et adultes) est une collection d\u2019\u00e9nigmes divertissantes pour la maison ou la route et convient \u00e9galement comme petit cadeau. Le livret d\u2019\u00e9nigmes comprend les \u00e9nigmes suivantes : Mots m\u00e9lang\u00e9s, Sudoku, Labyrinthe, Mots crois\u00e9s, Enigmes polici\u00e8res.<\/p>\n<p>Format : A5 (L 148 mm x L 210 mm)<br \/>\nAuteurs : SB Switzerland AG<br \/>\nIllustration : Margrit H\u00e4nni<\/p>\n","protected":false},"excerpt":{"rendered":"<p>Livret d\u2019enigmes de 16 pages<\/p>\n<p>Ce livret d\u2019\u00e9nigmes pour enfants (et adultes) est une collection d\u2019\u00e9nigmes divertissantes pour la maison ou la route et convient \u00e9galement comme petit cadeau. Le livret d\u2019\u00e9nigmes comprend les \u00e9nigmes suivantes : Mots m\u00e9lang\u00e9s, Sudoku, Labyrinthe, Mots crois\u00e9s, Enigmes polici\u00e8res.<\/p>\n<p>Format : A5 (L 148 mm x L 210 mm)<br \/>\nAuteurs : SB Switzerland AG<br \/>\nIllustration : Margrit H\u00e4nni<\/p>\n","protected":false},"featured_media":3607,"comment_status":"open","ping_status":"closed","template":"","meta":{"inline_featured_image":false,"site-sidebar-layout":"default","site-content-layout":"","ast-site-content-layout":"default","site-content-style":"default","site-sidebar-style":"default","ast-global-header-display":"","ast-banner-title-visibility":"","ast-main-header-display":"","ast-hfb-above-header-display":"","ast-hfb-below-header-display":"","ast-hfb-mobile-header-display":"","site-post-title":"","ast-breadcrumbs-content":"","ast-featured-img":"","footer-sml-layout":"","ast-disable-related-posts":"","theme-transparent-header-meta":"default","adv-header-id-meta":"","stick-header-meta":"default","header-above-stick-meta":"","header-main-stick-meta":"","header-below-stick-meta":"","astra-migrate-meta-layouts":"set","ast-page-background-enabled":"default","ast-page-background-meta":{"desktop":{"background-color":"var(--ast-global-color-4)","background-image":"","background-repeat":"repeat","background-position":"center center","background-size":"auto","background-attachment":"scroll","background-type":"","background-media":"","overlay-type":"","overlay-color":"","overlay-opacity":"","overlay-gradient":""},"tablet":{"background-color":"","background-image":"","background-repeat":"repeat","background-position":"center center","background-size":"auto","background-attachment":"scroll","background-type":"","background-media":"","overlay-type":"","overlay-color":"","overlay-opacity":"","overlay-gradient":""},"mobile":{"background-color":"","background-image":"","background-repeat":"repeat","background-position":"center center","background-size":"auto","background-attachment":"scroll","background-type":"","background-media":"","overlay-type":"","overlay-color":"","overlay-opacity":"","overlay-gradient":""}},"ast-content-background-meta":{"desktop":{"background-color":"var(--ast-global-color-5)","background-image":"","background-repeat":"repeat","background-position":"center center","background-size":"auto","background-attachment":"scroll","background-type":"","background-media":"","overlay-type":"","overlay-color":"","overlay-opacity":"","overlay-gradient":""},"tablet":{"background-color":"var(--ast-global-color-5)","background-image":"","background-repeat":"repeat","background-position":"center center","background-size":"auto","background-attachment":"scroll","background-type":"","background-media":"","overlay-type":"","overlay-color":"","overlay-opacity":"","overlay-gradient":""},"mobile":{"background-color":"var(--ast-global-color-5)","background-image":"","background-repeat":"repeat","background-position":"center center","background-size":"auto","background-attachment":"scroll","background-type":"","background-media":"","overlay-type":"","overlay-color":"","overlay-opacity":"","overlay-gradient":""}}},"product_brand":[],"product_cat":[85],"product_tag":[93,108,109,94,110,111,112,113],"class_list":{"0":"post-3599","1":"product","2":"type-product","3":"status-publish","4":"has-post-thumbnail","6":"product_cat-livret-d-enigmes","7":"product_tag-detektiv-dachs-fr","8":"product_tag-familie-fr","9":"product_tag-geburtstag-fr","10":"product_tag-kinder-fr","11":"product_tag-knobeln-fr","12":"product_tag-raetselheft-fr","13":"product_tag-raetseln-fr","14":"product_tag-spass-fr","15":"product_shipping_class-verpackungs-und-versandkosten","16":"desktop-align-center","17":"tablet-align-left","18":"mobile-align-left","19":"ast-product-gallery-layout-horizontal-slider","20":"ast-product-tabs-layout-horizontal","22":"first","23":"instock","24":"taxable","25":"shipping-taxable","26":"purchasable","27":"product-type-simple"},"_links":{"self":[{"href":"https:\/\/detektiv-dachs.ch\/fr\/wp-json\/wp\/v2\/product\/3599","targetHints":{"allow":["GET"]}}],"collection":[{"href":"https:\/\/detektiv-dachs.ch\/fr\/wp-json\/wp\/v2\/product"}],"about":[{"href":"https:\/\/detektiv-dachs.ch\/fr\/wp-json\/wp\/v2\/types\/product"}],"replies":[{"embeddable":true,"href":"https:\/\/detektiv-dachs.ch\/fr\/wp-json\/wp\/v2\/comments?post=3599"}],"wp:featuredmedia":[{"embeddable":true,"href":"https:\/\/detektiv-dachs.ch\/fr\/wp-json\/wp\/v2\/media\/3607"}],"wp:attachment":[{"href":"https:\/\/detektiv-dachs.ch\/fr\/wp-json\/wp\/v2\/media?parent=3599"}],"wp:term":[{"taxonomy":"product_brand","embeddable":true,"href":"https:\/\/detektiv-dachs.ch\/fr\/wp-json\/wp\/v2\/product_brand?post=3599"},{"taxonomy":"product_cat","embeddable":true,"href":"https:\/\/detektiv-dachs.ch\/fr\/wp-json\/wp\/v2\/product_cat?post=3599"},{"taxonomy":"product_tag","embeddable":true,"href":"https:\/\/detektiv-dachs.ch\/fr\/wp-json\/wp\/v2\/product_tag?post=3599"}],"curies":[{"name":"wp","href":"https:\/\/api.w.org\/{rel}","templated":true}]}}